{"id":3668,"date":"2022-11-25T11:27:41","date_gmt":"2022-11-25T10:27:41","guid":{"rendered":"https:\/\/www.columbia-ninfea.com\/posizione\/"},"modified":"2026-02-02T13:46:51","modified_gmt":"2026-02-02T12:46:51","slug":"localisation","status":"publish","type":"page","link":"https:\/\/www.columbia-ninfea.com\/fr\/localisation\/","title":{"rendered":"Localisation"},"content":{"rendered":"\n<p>\u00c0 l\u2019H\u00f4tel Columbia &amp; Ninfea, la mer n\u2019est pas seulement proche : elle est juste devant vous.<br>Sortez de l\u2019h\u00f4tel, faites quelques pas\u2026 et vous voil\u00e0 d\u00e9j\u00e0 les pieds dans le sable, entour\u00e9 du parfum sal\u00e9 de la mer et du bruit apaisant des vagues.<\/p>\n","protected":false},"excerpt":{"rendered":"<p>\u00c0 l\u2019H\u00f4tel Columbia &amp; Ninfea, la mer n\u2019est pas seulement proche : elle est juste devant vous.Sortez de l\u2019h\u00f4tel, faites quelques pas\u2026 et vous voil\u00e0 d\u00e9j\u00e0 les pieds dans le sable, entour\u00e9 du parfum sal\u00e9 de la mer et du bruit apaisant des vagues.<\/p>\n","protected":false},"author":1,"featured_media":0,"parent":0,"menu_order":0,"comment_status":"closed","ping_status":"closed","template":"templates\/dove-siamo.php","meta":{"_acf_changed":false,"footnotes":""},"class_list":["post-3668","page","type-page","status-publish","hentry"],"acf":[],"_links":{"self":[{"href":"https:\/\/www.columbia-ninfea.com\/fr\/wp-json\/wp\/v2\/pages\/3668","targetHints":{"allow":["GET"]}}],"collection":[{"href":"https:\/\/www.columbia-ninfea.com\/fr\/wp-json\/wp\/v2\/pages"}],"about":[{"href":"https:\/\/www.columbia-ninfea.com\/fr\/wp-json\/wp\/v2\/types\/page"}],"author":[{"embeddable":true,"href":"https:\/\/www.columbia-ninfea.com\/fr\/wp-json\/wp\/v2\/users\/1"}],"replies":[{"embeddable":true,"href":"https:\/\/www.columbia-ninfea.com\/fr\/wp-json\/wp\/v2\/comments?post=3668"}],"version-history":[{"count":3,"href":"https:\/\/www.columbia-ninfea.com\/fr\/wp-json\/wp\/v2\/pages\/3668\/revisions"}],"predecessor-version":[{"id":4571,"href":"https:\/\/www.columbia-ninfea.com\/fr\/wp-json\/wp\/v2\/pages\/3668\/revisions\/4571"}],"wp:attachment":[{"href":"https:\/\/www.columbia-ninfea.com\/fr\/wp-json\/wp\/v2\/media?parent=3668"}],"curies":[{"name":"wp","href":"https:\/\/api.w.org\/{rel}","templated":true}]}}