{"id":3583,"date":"2022-11-25T11:37:29","date_gmt":"2022-11-25T10:37:29","guid":{"rendered":"https:\/\/www.columbia-ninfea.com\/contatti\/"},"modified":"2025-05-06T13:16:40","modified_gmt":"2025-05-06T11:16:40","slug":"contacts","status":"publish","type":"page","link":"https:\/\/www.columbia-ninfea.com\/fr\/contacts\/","title":{"rendered":"Contacts"},"content":{"rendered":"\n<div class=\"wp-block-columns is-layout-flex wp-container-core-columns-is-layout-9d6595d7 wp-block-columns-is-layout-flex\">\n<div class=\"wp-block-column is-layout-flow wp-block-column-is-layout-flow\">\n<h4 class=\"wp-block-heading\"><strong>H\u00f4tel Columbia Ninfea<\/strong><\/h4>\n\n\n\n<p>Via Bafile, XXVIII acc\u00e8s \u00e0 la mer<br>30016 Jesolo Lido (Venise)<\/p>\n<\/div>\n\n\n\n<div class=\"wp-block-column is-layout-flow wp-block-column-is-layout-flow\">\n<h4 class=\"wp-block-heading\"><strong>Horaires de la r\u00e9ception<\/strong>                                                <\/h4>\n\n\n\n<p>Tous les jours<br>De 8h00 \u00e0 23h00<\/p>\n<\/div>\n<\/div>\n","protected":false},"excerpt":{"rendered":"<p>H\u00f4tel Columbia Ninfea Via Bafile, XXVIII acc\u00e8s \u00e0 la mer30016 Jesolo Lido (Venise) Horaires de la r\u00e9ception Tous les joursDe 8h00 \u00e0 23h00<\/p>\n","protected":false},"author":1,"featured_media":1360,"parent":0,"menu_order":0,"comment_status":"closed","ping_status":"closed","template":"templates\/contatti.php","meta":{"_acf_changed":false,"footnotes":""},"class_list":["post-3583","page","type-page","status-publish","has-post-thumbnail","hentry"],"acf":[],"_links":{"self":[{"href":"https:\/\/www.columbia-ninfea.com\/fr\/wp-json\/wp\/v2\/pages\/3583","targetHints":{"allow":["GET"]}}],"collection":[{"href":"https:\/\/www.columbia-ninfea.com\/fr\/wp-json\/wp\/v2\/pages"}],"about":[{"href":"https:\/\/www.columbia-ninfea.com\/fr\/wp-json\/wp\/v2\/types\/page"}],"author":[{"embeddable":true,"href":"https:\/\/www.columbia-ninfea.com\/fr\/wp-json\/wp\/v2\/users\/1"}],"replies":[{"embeddable":true,"href":"https:\/\/www.columbia-ninfea.com\/fr\/wp-json\/wp\/v2\/comments?post=3583"}],"version-history":[{"count":1,"href":"https:\/\/www.columbia-ninfea.com\/fr\/wp-json\/wp\/v2\/pages\/3583\/revisions"}],"predecessor-version":[{"id":3585,"href":"https:\/\/www.columbia-ninfea.com\/fr\/wp-json\/wp\/v2\/pages\/3583\/revisions\/3585"}],"wp:featuredmedia":[{"embeddable":true,"href":"https:\/\/www.columbia-ninfea.com\/fr\/wp-json\/wp\/v2\/media\/1360"}],"wp:attachment":[{"href":"https:\/\/www.columbia-ninfea.com\/fr\/wp-json\/wp\/v2\/media?parent=3583"}],"curies":[{"name":"wp","href":"https:\/\/api.w.org\/{rel}","templated":true}]}}