{"id":3577,"date":"2025-01-11T10:34:29","date_gmt":"2025-01-11T09:34:29","guid":{"rendered":"https:\/\/www.columbia-ninfea.com\/colazione-fronte-mare\/"},"modified":"2026-02-10T12:00:55","modified_gmt":"2026-02-10T11:00:55","slug":"petit-dejeuner-face-a-la-mer","status":"publish","type":"page","link":"https:\/\/www.columbia-ninfea.com\/fr\/petit-dejeuner-face-a-la-mer\/","title":{"rendered":"Petit-d\u00e9jeuner face \u00e0 la mer"},"content":{"rendered":"\n<p>Commencez votre journ\u00e9e de fa\u00e7on sp\u00e9ciale avec notre petit-d\u00e9jeuner face \u00e0 la mer.<\/p>\n\n\n\n<p>Dans notre salle lumineuse avec de grandes baies vitr\u00e9es et une terrasse, vous pourrez savourer un riche buffet sucr\u00e9 et sal\u00e9 <em>tout en admirant le splendide panorama de la mer de Jesolo<\/em>.<\/p>\n\n\n\n<p>Caf\u00e9, jus, croissants et p\u00e2tisseries\u2026 et encore\u2026 fruits de saison, charcuterie et fromages : tout ce que vous souhaitez pour un r\u00e9veil plein d\u2019\u00e9nergie et de gourmandise.<\/p>\n\n\n\n<p><\/p>\n","protected":false},"excerpt":{"rendered":"<p>Commencez votre journ\u00e9e de fa\u00e7on sp\u00e9ciale avec notre petit-d\u00e9jeuner face \u00e0 la mer. Dans notre salle lumineuse avec de grandes baies vitr\u00e9es et une terrasse, vous pourrez savourer un riche buffet sucr\u00e9 et sal\u00e9 tout en admirant le splendide panorama de la mer de Jesolo. Caf\u00e9, jus, croissants et p\u00e2tisseries\u2026 et encore\u2026 fruits de saison, [&hellip;]<\/p>\n","protected":false},"author":2,"featured_media":4636,"parent":0,"menu_order":0,"comment_status":"closed","ping_status":"closed","template":"","meta":{"_acf_changed":false,"footnotes":""},"class_list":["post-3577","page","type-page","status-publish","has-post-thumbnail","hentry"],"acf":[],"_links":{"self":[{"href":"https:\/\/www.columbia-ninfea.com\/fr\/wp-json\/wp\/v2\/pages\/3577","targetHints":{"allow":["GET"]}}],"collection":[{"href":"https:\/\/www.columbia-ninfea.com\/fr\/wp-json\/wp\/v2\/pages"}],"about":[{"href":"https:\/\/www.columbia-ninfea.com\/fr\/wp-json\/wp\/v2\/types\/page"}],"author":[{"embeddable":true,"href":"https:\/\/www.columbia-ninfea.com\/fr\/wp-json\/wp\/v2\/users\/2"}],"replies":[{"embeddable":true,"href":"https:\/\/www.columbia-ninfea.com\/fr\/wp-json\/wp\/v2\/comments?post=3577"}],"version-history":[{"count":2,"href":"https:\/\/www.columbia-ninfea.com\/fr\/wp-json\/wp\/v2\/pages\/3577\/revisions"}],"predecessor-version":[{"id":4635,"href":"https:\/\/www.columbia-ninfea.com\/fr\/wp-json\/wp\/v2\/pages\/3577\/revisions\/4635"}],"wp:featuredmedia":[{"embeddable":true,"href":"https:\/\/www.columbia-ninfea.com\/fr\/wp-json\/wp\/v2\/media\/4636"}],"wp:attachment":[{"href":"https:\/\/www.columbia-ninfea.com\/fr\/wp-json\/wp\/v2\/media?parent=3577"}],"curies":[{"name":"wp","href":"https:\/\/api.w.org\/{rel}","templated":true}]}}