{"id":3562,"date":"2022-11-25T12:06:48","date_gmt":"2022-11-25T11:06:48","guid":{"rendered":"https:\/\/www.columbia-ninfea.com\/attivita-jesolo\/"},"modified":"2026-03-04T17:26:19","modified_gmt":"2026-03-04T16:26:19","slug":"activite","status":"publish","type":"page","link":"https:\/\/www.columbia-ninfea.com\/fr\/activite\/","title":{"rendered":"Activit\u00e9"},"content":{"rendered":"\n<div class=\"wp-block-columns is-layout-flex wp-container-core-columns-is-layout-9d6595d7 wp-block-columns-is-layout-flex\">\n<div class=\"wp-block-column is-layout-flow wp-block-column-is-layout-flow\">\n<figure class=\"wp-block-image size-full\"><img loading=\"lazy\" decoding=\"async\" width=\"1200\" height=\"674\" src=\"https:\/\/www.columbia-ninfea.com\/wp-content\/uploads\/2022\/11\/ruota-panoramica.jpg\" alt=\"Big Wheel Jesolo\" class=\"wp-image-1362\" srcset=\"https:\/\/www.columbia-ninfea.com\/wp-content\/uploads\/2022\/11\/ruota-panoramica.jpg 1200w, https:\/\/www.columbia-ninfea.com\/wp-content\/uploads\/2022\/11\/ruota-panoramica-300x169.jpg 300w, https:\/\/www.columbia-ninfea.com\/wp-content\/uploads\/2022\/11\/ruota-panoramica-1024x575.jpg 1024w, https:\/\/www.columbia-ninfea.com\/wp-content\/uploads\/2022\/11\/ruota-panoramica-768x431.jpg 768w\" sizes=\"auto, (max-width: 1200px) 100vw, 1200px\" \/><\/figure>\n\n\n\n<h4 class=\"wp-block-heading\"><strong>Grande roue<\/strong><\/h4>\n\n\n\n<p>La grande roue de Jesolo a \u00e9t\u00e9 install\u00e9e sur la place Brescia, plus pr\u00e9cis\u00e9ment dans la zone du Palainvent. De l\u00e0-haut, on peut profiter d\u2019un vaste panorama qui s\u2019\u00e9tend le long du littoral, jusqu\u2019\u00e0 apercevoir l\u2019horizon de Venise. Le projet est le m\u00eame que celui utilis\u00e9 pour la construction de la c\u00e9l\u00e8bre et magique Roue de Paris situ\u00e9e sur la Place de la Concorde. Les cabines sont au nombre de 42, toutes climatis\u00e9es et ferm\u00e9es, id\u00e9ales donc pour quelques heures de divertissement en \u00e9t\u00e9 comme en hiver. Chacune d\u2019elles est homologu\u00e9e pour transporter jusqu\u2019\u00e0 huit personnes maximum.<\/p>\n<\/div>\n\n\n\n<div class=\"wp-block-column is-layout-flow wp-block-column-is-layout-flow\">\n<figure class=\"wp-block-image size-full is-resized\"><img loading=\"lazy\" decoding=\"async\" width=\"757\" height=\"473\" src=\"https:\/\/www.columbia-ninfea.com\/wp-content\/uploads\/2023\/05\/tropicarium.jpg\" alt=\"\" class=\"wp-image-1961\" style=\"aspect-ratio:1.6004814926271442;width:371px;height:auto\" srcset=\"https:\/\/www.columbia-ninfea.com\/wp-content\/uploads\/2023\/05\/tropicarium.jpg 757w, https:\/\/www.columbia-ninfea.com\/wp-content\/uploads\/2023\/05\/tropicarium-300x187.jpg 300w\" sizes=\"auto, (max-width: 757px) 100vw, 757px\" \/><\/figure>\n\n\n\n<p><strong>Tropicarium<\/strong><\/p>\n\n\n\n<p>Le Tropicarium abrite environ 400 animaux: des sympathiques tortues aquatiques et terrestres, des geckos, des sauriens et des iguanes, des varans, des serpents de toutes tailles, des grenouilles, des crapauds et des salamandres, des insectes, ainsi que le \u00abJardin des papillons\u00bb o\u00f9 les papillons volent librement, sans oublier les malicieux manchots de Magellan!<br>On y trouve \u00e9galement la nouvelle zone Biotope, d\u00e9di\u00e9e \u00e0 l\u2019Am\u00e9rique du Sud, et l\u2019exposition in\u00e9dite \u00abLes joyaux de la nature\u00bb!<\/p>\n<\/div>\n<\/div>\n\n\n\n<div class=\"wp-block-columns is-layout-flex wp-container-core-columns-is-layout-9d6595d7 wp-block-columns-is-layout-flex\">\n<div class=\"wp-block-column is-layout-flow wp-block-column-is-layout-flow\">\n<figure class=\"wp-block-image size-full\"><img loading=\"lazy\" decoding=\"async\" width=\"757\" height=\"473\" src=\"https:\/\/www.columbia-ninfea.com\/wp-content\/uploads\/2023\/05\/gomma-piuma.jpg\" alt=\"\" class=\"wp-image-1966\" srcset=\"https:\/\/www.columbia-ninfea.com\/wp-content\/uploads\/2023\/05\/gomma-piuma.jpg 757w, https:\/\/www.columbia-ninfea.com\/wp-content\/uploads\/2023\/05\/gomma-piuma-300x187.jpg 300w\" sizes=\"auto, (max-width: 757px) 100vw, 757px\" \/><\/figure>\n\n\n\n<h4 class=\"wp-block-heading\"><strong><strong>Gomma Piuma<\/strong><\/strong><\/h4>\n\n\n\n<p>Ch\u00e2teaux magiques, maisonnettes color\u00e9es, baleines, balles, dragons l\u00e9gendaires, petits animaux rigolos, les h\u00e9ros les plus dr\u00f4les des dessins anim\u00e9s, sauts, danses, cris, jeux et beaucoup de plaisir\u2026 avez-vous d\u00e9j\u00e0 pass\u00e9 une journ\u00e9e au Gommapiuma\u202f?<\/p>\n<\/div>\n\n\n\n<div class=\"wp-block-column is-layout-flow wp-block-column-is-layout-flow\">\n<figure class=\"wp-block-image size-full\"><img loading=\"lazy\" decoding=\"async\" width=\"757\" height=\"473\" src=\"https:\/\/www.columbia-ninfea.com\/wp-content\/uploads\/2023\/05\/laguna-shopping.jpg\" alt=\"\" class=\"wp-image-1970\" srcset=\"https:\/\/www.columbia-ninfea.com\/wp-content\/uploads\/2023\/05\/laguna-shopping.jpg 757w, https:\/\/www.columbia-ninfea.com\/wp-content\/uploads\/2023\/05\/laguna-shopping-300x187.jpg 300w\" sizes=\"auto, (max-width: 757px) 100vw, 757px\" \/><\/figure>\n\n\n\n<h4 class=\"wp-block-heading\"><strong>Laguna shopping<\/strong><\/h4>\n\n\n\n<p>Le nouveau parc commercial au c\u0153ur de Jesolo, toujours ouvert, sept jours sur sept, avec de grands espaces en plein air \u00e0 vivre en toute libert\u00e9; supermarch\u00e9, bars, glaciers, restaurants, magasins de v\u00eatements, \u00e9lectronique, articles pour la maison.<\/p>\n<\/div>\n<\/div>\n\n\n\n<div class=\"wp-block-columns is-layout-flex wp-container-core-columns-is-layout-9d6595d7 wp-block-columns-is-layout-flex\">\n<div class=\"wp-block-column is-layout-flow wp-block-column-is-layout-flow\">\n<figure class=\"wp-block-image size-full\"><img loading=\"lazy\" decoding=\"async\" width=\"757\" height=\"473\" src=\"https:\/\/www.columbia-ninfea.com\/wp-content\/uploads\/2023\/05\/Bridgman-Water.jpg\" alt=\"\" class=\"wp-image-1974\" srcset=\"https:\/\/www.columbia-ninfea.com\/wp-content\/uploads\/2023\/05\/Bridgman-Water.jpg 757w, https:\/\/www.columbia-ninfea.com\/wp-content\/uploads\/2023\/05\/Bridgman-Water-300x187.jpg 300w\" sizes=\"auto, (max-width: 757px) 100vw, 757px\" \/><\/figure>\n\n\n\n<h4 class=\"wp-block-heading\">Bridgman Water Sport Center<\/h4>\n\n\n\n<p>Une l\u00e9g\u00e8re brise se l\u00e8ve, le vent se renforce, le soleil reste haut et chaud tandis que ce souffle devient de plus en plus intense&#8230; Beaucoup ne per\u00e7oivent m\u00eame pas la diff\u00e9rence, mais pour certains, cette brise est un APPEL.<br>Le Water Sport Center est le point de rencontre de tous ceux qui sont pouss\u00e9s \u00e0 ressentir chaque type d\u2019\u00e9motion en affrontant et en aimant la mer.<br>Wakeboard, kitesurf, cano\u00eb, stand up paddle, surf, skimboard, catamaran, windsurf, bou\u00e9e ou banana boat.<\/p>\n<\/div>\n\n\n\n<div class=\"wp-block-column is-layout-flow wp-block-column-is-layout-flow\">\n<figure class=\"wp-block-image size-full\"><img loading=\"lazy\" decoding=\"async\" width=\"757\" height=\"473\" src=\"https:\/\/www.columbia-ninfea.com\/wp-content\/uploads\/2023\/05\/centro-velico-sun-e-sea.jpg\" alt=\"\" class=\"wp-image-1978\" srcset=\"https:\/\/www.columbia-ninfea.com\/wp-content\/uploads\/2023\/05\/centro-velico-sun-e-sea.jpg 757w, https:\/\/www.columbia-ninfea.com\/wp-content\/uploads\/2023\/05\/centro-velico-sun-e-sea-300x187.jpg 300w\" sizes=\"auto, (max-width: 757px) 100vw, 757px\" \/><\/figure>\n\n\n\n<h4 class=\"wp-block-heading\"><strong>Centre de voile Sun &amp; Sea<\/strong><\/h4>\n\n\n\n<p>Le centre de voile Sun &amp; Sea se trouve sur la plage de Jesolo Lido ouest. Il propose des cours de voile et la location d\u2019embarcations telles que d\u00e9riveurs, catamarans et planches \u00e0 voile. Il offre \u00e9galement des espaces d\u2019accueil, ainsi que la possibilit\u00e9 de louer des cano\u00ebs et p\u00e9dalos.<\/p>\n<\/div>\n<\/div>\n\n\n\n<div class=\"wp-block-columns is-layout-flex wp-container-core-columns-is-layout-9d6595d7 wp-block-columns-is-layout-flex\">\n<div class=\"wp-block-column is-layout-flow wp-block-column-is-layout-flow\">\n<figure class=\"wp-block-image size-full\"><img loading=\"lazy\" decoding=\"async\" width=\"757\" height=\"473\" src=\"https:\/\/www.columbia-ninfea.com\/wp-content\/uploads\/2023\/05\/republic-sport-village.jpg\" alt=\"\" class=\"wp-image-1982\" srcset=\"https:\/\/www.columbia-ninfea.com\/wp-content\/uploads\/2023\/05\/republic-sport-village.jpg 757w, https:\/\/www.columbia-ninfea.com\/wp-content\/uploads\/2023\/05\/republic-sport-village-300x187.jpg 300w\" sizes=\"auto, (max-width: 757px) 100vw, 757px\" \/><\/figure>\n\n\n\n<h4 class=\"wp-block-heading\"><strong>Republic Sport Village<\/strong><\/h4>\n\n\n\n<p>Le Republic Sport Village est un centre sportif ouvert toute l\u2019ann\u00e9e, situ\u00e9 \u00e0 Jesolo Lido dans un espace vert qui en fait l\u2019endroit id\u00e9al pour pratiquer des activit\u00e9s sportives \u00e0 deux pas de la mer.<br>Le complexe dispose de 4 courts de tennis, 2 terrains de football, 5 en synth\u00e9tique et 2 terrains de padel.<br>Un service de restaurant et pizzeria est \u00e9galement disponible sur place.<\/p>\n<\/div>\n\n\n\n<div class=\"wp-block-column is-layout-flow wp-block-column-is-layout-flow\">\n<figure class=\"wp-block-image size-full\"><img loading=\"lazy\" decoding=\"async\" width=\"757\" height=\"473\" src=\"https:\/\/www.columbia-ninfea.com\/wp-content\/uploads\/2023\/05\/mobydickII.png\" alt=\"\" class=\"wp-image-2048\" srcset=\"https:\/\/www.columbia-ninfea.com\/wp-content\/uploads\/2023\/05\/mobydickII.png 757w, https:\/\/www.columbia-ninfea.com\/wp-content\/uploads\/2023\/05\/mobydickII-300x187.png 300w\" sizes=\"auto, (max-width: 757px) 100vw, 757px\" \/><\/figure>\n\n\n\n<h4 class=\"wp-block-heading\"><strong>MobyDick II<\/strong><\/h4>\n\n\n\n<p>Si vous souhaitez partir directement de la plage de Jesolo pour une excursion en bateau vers Venise, le Moby Dick II est fait pour vous.<br>Vous pouvez en effet rejoindre Venise et les principales \u00eeles de la lagune \u2014 comme Murano, Burano et Torcello \u2014 par la mer \u00e0 bord du Moby Dick II, au d\u00e9part de trois embarcad\u00e8res: Cortellazzo, Piazza Milano et Piazza Marconi, ces deux derniers situ\u00e9s directement sur la plage.<\/p>\n<\/div>\n<\/div>\n\n\n\n<div class=\"wp-block-columns is-layout-flex wp-container-core-columns-is-layout-9d6595d7 wp-block-columns-is-layout-flex\">\n<div class=\"wp-block-column is-layout-flow wp-block-column-is-layout-flow\">\n<figure class=\"wp-block-image size-full\"><img loading=\"lazy\" decoding=\"async\" width=\"757\" height=\"473\" src=\"https:\/\/www.columbia-ninfea.com\/wp-content\/uploads\/2023\/05\/pista-azzurra.jpg\" alt=\"\" class=\"wp-image-1986\" srcset=\"https:\/\/www.columbia-ninfea.com\/wp-content\/uploads\/2023\/05\/pista-azzurra.jpg 757w, https:\/\/www.columbia-ninfea.com\/wp-content\/uploads\/2023\/05\/pista-azzurra-300x187.jpg 300w\" sizes=\"auto, (max-width: 757px) 100vw, 757px\" \/><\/figure>\n\n\n\n<h4 class=\"wp-block-heading\"><strong>Pista Azzurra<\/strong><\/h4>\n\n\n\n<p>Construite en 1962, parmi les premi\u00e8res pistes en Italie, puis modifi\u00e9e en 1985 avec le trac\u00e9 actuel, la Pista Azzurra est une v\u00e9ritable ic\u00f4ne du karting international. Au cours de ces cinquante derni\u00e8res ann\u00e9es, la Pista Azzurra a vu d\u00e9filer sur son circuit les meilleurs pilotes de karting international, dont beaucoup ont atteint le sommet du sport automobile en Formule 1.<\/p>\n<\/div>\n\n\n\n<div class=\"wp-block-column is-layout-flow wp-block-column-is-layout-flow\">\n<figure class=\"wp-block-image size-full\"><img loading=\"lazy\" decoding=\"async\" width=\"757\" height=\"473\" src=\"https:\/\/www.columbia-ninfea.com\/wp-content\/uploads\/2023\/05\/caribe-bay.jpg\" alt=\"\" class=\"wp-image-1990\" srcset=\"https:\/\/www.columbia-ninfea.com\/wp-content\/uploads\/2023\/05\/caribe-bay.jpg 757w, https:\/\/www.columbia-ninfea.com\/wp-content\/uploads\/2023\/05\/caribe-bay-300x187.jpg 300w\" sizes=\"auto, (max-width: 757px) 100vw, 757px\" \/><\/figure>\n\n\n\n<h4 class=\"wp-block-heading\"><strong>Caribe Bay<\/strong><\/h4>\n\n\n\n<p>Caribe Bay est bien plus qu\u2019un simple parc aquatique: c\u2019est une v\u00e9ritable \u00eele du divertissement \u00e0 th\u00e8me, avec 26 attractions aquatiques (dont le toboggan le plus haut du monde) et non aquatiques (comme la tour de saut \u00e0 l\u2019\u00e9lastique la plus haute d\u2019Europe), 7 spectacles professionnels et 7 animations diff\u00e9rentes.<\/p>\n<\/div>\n<\/div>\n\n\n\n<div class=\"wp-block-columns is-layout-flex wp-container-core-columns-is-layout-9d6595d7 wp-block-columns-is-layout-flex\">\n<div class=\"wp-block-column is-layout-flow wp-block-column-is-layout-flow\">\n<figure class=\"wp-block-image size-full\"><img loading=\"lazy\" decoding=\"async\" width=\"757\" height=\"473\" src=\"https:\/\/www.columbia-ninfea.com\/wp-content\/uploads\/2023\/05\/noventa-di-piave.jpg\" alt=\"\" class=\"wp-image-1994\" srcset=\"https:\/\/www.columbia-ninfea.com\/wp-content\/uploads\/2023\/05\/noventa-di-piave.jpg 757w, https:\/\/www.columbia-ninfea.com\/wp-content\/uploads\/2023\/05\/noventa-di-piave-300x187.jpg 300w\" sizes=\"auto, (max-width: 757px) 100vw, 757px\" \/><\/figure>\n\n\n\n<h4 class=\"wp-block-heading\"><strong>Noventa di Piave Designer Outlet<\/strong><\/h4>\n\n\n\n<p>\u00c0 quelques kilom\u00e8tres de Jesolo se trouve le Veneto Designer Outlet, avec plus de 80 boutiques des meilleures marques de mode, de v\u00eatements de sport, d\u2019ameublement et de cosm\u00e9tiques.<br>Le Veneto Designer Outlet s\u2019articule autour d\u2019une \u00e9l\u00e9gante place centrale d\u00e9cor\u00e9e dans un style classique, avec une fontaine au centre et des arcades lat\u00e9rales inspir\u00e9es du plus pur art palladien.<br>\u00c0 l\u2019int\u00e9rieur, les prestigieuses marques de la mode internationale s\u2019int\u00e8grent parfaitement dans un cadre architectural riche en d\u00e9tails raffin\u00e9s, mosa\u00efques et fresques inspir\u00e9es des villas v\u00e9nitiennes.<\/p>\n<\/div>\n\n\n\n<div class=\"wp-block-column is-layout-flow wp-block-column-is-layout-flow\">\n<figure class=\"wp-block-image size-full\"><img loading=\"lazy\" decoding=\"async\" width=\"757\" height=\"473\" src=\"https:\/\/www.columbia-ninfea.com\/wp-content\/uploads\/2023\/05\/new-jesolandia.jpg\" alt=\"\" class=\"wp-image-1998\" srcset=\"https:\/\/www.columbia-ninfea.com\/wp-content\/uploads\/2023\/05\/new-jesolandia.jpg 757w, https:\/\/www.columbia-ninfea.com\/wp-content\/uploads\/2023\/05\/new-jesolandia-300x187.jpg 300w\" sizes=\"auto, (max-width: 757px) 100vw, 757px\" \/><\/figure>\n\n\n\n<h4 class=\"wp-block-heading\"><strong>New Jesolandia<\/strong><\/h4>\n\n\n\n<p>New Jesolandia est le nouveau parc d\u2019attractions \u00e0 th\u00e8me de Jesolo. Am\u00e9nag\u00e9 sur une superficie de 20 000 m\u00b2 aux portes du Lido di Jesolo, il propose des attractions et du divertissement pour petits et grands, avec une attention particuli\u00e8re aux familles.<br>Une nouvelle zone \u00e9tendue pour vous offrir un maximum de plaisir, enti\u00e8rement surveill\u00e9e par 20 cam\u00e9ras vid\u00e9o pour passer des soir\u00e9es agr\u00e9ables et s\u00fbres avec votre famille. Des navettes gratuites partent toutes les 30 minutes des principales places vers le parc. Une fa\u00e7on pratique de venir nous rendre visite.<\/p>\n<\/div>\n<\/div>\n\n\n\n<div class=\"wp-block-columns is-layout-flex wp-container-core-columns-is-layout-9d6595d7 wp-block-columns-is-layout-flex\">\n<div class=\"wp-block-column is-layout-flow wp-block-column-is-layout-flow\">\n<figure class=\"wp-block-image size-large\"><img loading=\"lazy\" decoding=\"async\" width=\"1024\" height=\"569\" src=\"https:\/\/www.columbia-ninfea.com\/wp-content\/uploads\/2022\/11\/jolly-roger-1024x569.jpg\" alt=\"\" class=\"wp-image-414\" srcset=\"https:\/\/www.columbia-ninfea.com\/wp-content\/uploads\/2022\/11\/jolly-roger-1024x569.jpg 1024w, https:\/\/www.columbia-ninfea.com\/wp-content\/uploads\/2022\/11\/jolly-roger-300x167.jpg 300w, https:\/\/www.columbia-ninfea.com\/wp-content\/uploads\/2022\/11\/jolly-roger-768x427.jpg 768w, https:\/\/www.columbia-ninfea.com\/wp-content\/uploads\/2022\/11\/jolly-roger-1536x853.jpg 1536w, https:\/\/www.columbia-ninfea.com\/wp-content\/uploads\/2022\/11\/jolly-roger-2048x1138.jpg 2048w\" sizes=\"auto, (max-width: 1024px) 100vw, 1024px\" \/><\/figure>\n\n\n\n<h4 class=\"wp-block-heading\"><strong>Jolly Roger<\/strong><\/h4>\n\n\n\n<p>Jolly Roger est pr\u00eat \u00e0 vous accueillir \u00e0 bord de ses galions, dont les silhouettes rappellent les navires lanc\u00e9s par la S\u00e9r\u00e9nissime entre 1600 et 1800, pour vous faire d\u00e9couvrir les paysages enchanteurs de la lagune de Venise \u00e0 travers des itin\u00e9raires fascinants parmi les lieux les plus charmants du littoral adriatique.<\/p>\n<\/div>\n\n\n\n<div class=\"wp-block-column is-layout-flow wp-block-column-is-layout-flow\">\n<figure class=\"wp-block-image size-full\"><img loading=\"lazy\" decoding=\"async\" width=\"757\" height=\"473\" src=\"https:\/\/www.columbia-ninfea.com\/wp-content\/uploads\/2023\/05\/fabbrica-della-scienza.jpg\" alt=\"\" class=\"wp-image-2002\" srcset=\"https:\/\/www.columbia-ninfea.com\/wp-content\/uploads\/2023\/05\/fabbrica-della-scienza.jpg 757w, https:\/\/www.columbia-ninfea.com\/wp-content\/uploads\/2023\/05\/fabbrica-della-scienza-300x187.jpg 300w\" sizes=\"auto, (max-width: 757px) 100vw, 757px\" \/><\/figure>\n\n\n\n<h4 class=\"wp-block-heading\"><strong>La Fabbrica della Scienza<\/strong><\/h4>\n\n\n\n<p>La toute nouvelle Fabbrica della Scienza accueille en son sein des sections enti\u00e8rement IN\u00c9DITES, des espaces de spectacle, une salle digitale avec des exp\u00e9riences immersives et de nombreuses nouvelles machines interactives.<br>Vous vous sentirez comme de v\u00e9ritables scientifiques! Vous d\u00e9couvrirez la puissance des tornades, vivrez l\u2019alunissage et observerez les ph\u00e9nom\u00e8nes puissants de l\u2019\u00e9lectricit\u00e9!<br>Tout cela et bien plus encore vous attend \u00e0 la Fabbrica della Scienza!<\/p>\n<\/div>\n<\/div>\n\n\n\n<div class=\"wp-block-columns is-layout-flex wp-container-core-columns-is-layout-9d6595d7 wp-block-columns-is-layout-flex\">\n<div class=\"wp-block-column is-layout-flow wp-block-column-is-layout-flow\">\n<figure class=\"wp-block-image size-full\"><img loading=\"lazy\" decoding=\"async\" width=\"757\" height=\"473\" src=\"https:\/\/www.columbia-ninfea.com\/wp-content\/uploads\/2023\/05\/golf-club.jpg\" alt=\"\" class=\"wp-image-2006\" srcset=\"https:\/\/www.columbia-ninfea.com\/wp-content\/uploads\/2023\/05\/golf-club.jpg 757w, https:\/\/www.columbia-ninfea.com\/wp-content\/uploads\/2023\/05\/golf-club-300x187.jpg 300w\" sizes=\"auto, (max-width: 757px) 100vw, 757px\" \/><\/figure>\n\n\n\n<h4 class=\"wp-block-heading\"><strong>Golf Club Jesolo<\/strong><\/h4>\n\n\n\n<p>Le Golf Club Jesolo, une oasis de verdure s\u2019\u00e9tendant sur une surface de 900 000 m\u00b2 au c\u0153ur d\u2019une v\u00e9g\u00e9tation luxuriante, est l\u2019id\u00e9al pour ceux qui souhaitent associer leur passion pour le golf \u00e0 des vacances entre mer et culture.<br>Dans l\u2019\u00e9l\u00e9gante et raffin\u00e9e Club House, les golfeurs peuvent \u00e9galement profiter de services exclusifs: pro-shop, bar, restaurant et vestiaires.<\/p>\n<\/div>\n\n\n\n<div class=\"wp-block-column is-layout-flow wp-block-column-is-layout-flow\">\n<figure class=\"wp-block-image size-full\"><img loading=\"lazy\" decoding=\"async\" width=\"757\" height=\"473\" src=\"https:\/\/www.columbia-ninfea.com\/wp-content\/uploads\/2023\/05\/Vecio-piave.jpg\" alt=\"\" class=\"wp-image-2010\" srcset=\"https:\/\/www.columbia-ninfea.com\/wp-content\/uploads\/2023\/05\/Vecio-piave.jpg 757w, https:\/\/www.columbia-ninfea.com\/wp-content\/uploads\/2023\/05\/Vecio-piave-300x187.jpg 300w\" sizes=\"auto, (max-width: 757px) 100vw, 757px\" \/><\/figure>\n\n\n\n<h4 class=\"wp-block-heading\"><strong>Shooting club Al Vecio Piave<\/strong><\/h4>\n\n\n\n<p>Le stand de tir \u201cAl Vecio Piave\u201d dispose de toutes les autorisations et reconnaissances n\u00e9cessaires pour exercer son activit\u00e9. Il est affili\u00e9 \u00e0 la <em>FITAV<\/em> (F\u00e9d\u00e9ration Italienne de Tir aux Plateaux), au <em>CONI<\/em> (Comit\u00e9 Olympique National Italien) et \u00e0 la F\u00e9d\u00e9ration Internationale <em>FITASC<\/em>.<br>Cette structure figure parmi les plus modernes et les plus vastes du nord de l\u2019Italie, et peut se vanter d\u2019avoir accueilli plusieurs comp\u00e9titions de tir aux plateaux, tant nationales qu\u2019internationales.<\/p>\n<\/div>\n<\/div>\n","protected":false},"excerpt":{"rendered":"<p>Grande roue La grande roue de Jesolo a \u00e9t\u00e9 install\u00e9e sur la place Brescia, plus pr\u00e9cis\u00e9ment dans la zone du Palainvent. De l\u00e0-haut, on peut profiter d\u2019un vaste panorama qui s\u2019\u00e9tend le long du littoral, jusqu\u2019\u00e0 apercevoir l\u2019horizon de Venise. Le projet est le m\u00eame que celui utilis\u00e9 pour la construction de la c\u00e9l\u00e8bre et [&hellip;]<\/p>\n","protected":false},"author":1,"featured_media":0,"parent":0,"menu_order":0,"comment_status":"closed","ping_status":"closed","template":"","meta":{"_acf_changed":false,"footnotes":""},"class_list":["post-3562","page","type-page","status-publish","hentry"],"acf":[],"_links":{"self":[{"href":"https:\/\/www.columbia-ninfea.com\/fr\/wp-json\/wp\/v2\/pages\/3562","targetHints":{"allow":["GET"]}}],"collection":[{"href":"https:\/\/www.columbia-ninfea.com\/fr\/wp-json\/wp\/v2\/pages"}],"about":[{"href":"https:\/\/www.columbia-ninfea.com\/fr\/wp-json\/wp\/v2\/types\/page"}],"author":[{"embeddable":true,"href":"https:\/\/www.columbia-ninfea.com\/fr\/wp-json\/wp\/v2\/users\/1"}],"replies":[{"embeddable":true,"href":"https:\/\/www.columbia-ninfea.com\/fr\/wp-json\/wp\/v2\/comments?post=3562"}],"version-history":[{"count":9,"href":"https:\/\/www.columbia-ninfea.com\/fr\/wp-json\/wp\/v2\/pages\/3562\/revisions"}],"predecessor-version":[{"id":4955,"href":"https:\/\/www.columbia-ninfea.com\/fr\/wp-json\/wp\/v2\/pages\/3562\/revisions\/4955"}],"wp:attachment":[{"href":"https:\/\/www.columbia-ninfea.com\/fr\/wp-json\/wp\/v2\/media?parent=3562"}],"curies":[{"name":"wp","href":"https:\/\/api.w.org\/{rel}","templated":true}]}}