{"id":788,"date":"2022-12-01T14:14:40","date_gmt":"2022-12-01T13:14:40","guid":{"rendered":"https:\/\/www.columbia-ninfea.com\/domande-frequenti\/"},"modified":"2026-03-04T16:17:30","modified_gmt":"2026-03-04T15:17:30","slug":"faq","status":"publish","type":"page","link":"https:\/\/www.columbia-ninfea.com\/de\/faq\/","title":{"rendered":"FAQ"},"content":{"rendered":"\n<h3 class=\"wp-block-heading\">PREISE<\/h3>\n\n\n\n<h4 class=\"wp-block-heading\"><a href=\"#incluso\" data-type=\"internal\" data-id=\"#incluso\">Was beinhalten die Zimmerpreise?<\/a><\/h4>\n\n\n\n<h4 class=\"wp-block-heading\"><a href=\"#non-incluso\" data-type=\"internal\" data-id=\"#non-incluso\">Was beinhalten die Zimmerpreise NICHT?<\/a><\/h4>\n\n\n\n<h3 class=\"wp-block-heading\">ZIMMER<\/h3>\n\n\n\n<h4 class=\"wp-block-heading\"><a href=\"#letti-separati\" data-type=\"internal\" data-id=\"#letti-separati\">Ist es m\u00f6glich, getrennte Betten zu haben?<\/a><\/h4>\n\n\n\n<h4 class=\"wp-block-heading\"><a href=\"#bidet\" data-type=\"internal\" data-id=\"#bidet\">Haben alle Zimmer ein Bidet?<\/a><\/h4>\n\n\n\n<h4 class=\"wp-block-heading\"><a href=\"#culle\" data-type=\"internal\" data-id=\"#culle\">Sind Babybetten verf\u00fcgbar?<\/a><\/h4>\n\n\n\n<h4 class=\"wp-block-heading\"><a href=\"#comunicanti\" data-type=\"internal\" data-id=\"#comunicanti\">Gibt es Zimmer mit Verbindungst\u00fcr?<\/a><\/h4>\n\n\n\n<h4 class=\"wp-block-heading\"><a href=\"#doccia\" data-type=\"internal\" data-id=\"#doccia\">Gibt es eine Dusche oder eine Badewanne?<\/a><\/h4>\n\n\n\n<h4 class=\"wp-block-heading\"><a href=\"#fumatori\" data-type=\"internal\" data-id=\"#fumatori\">Haben Sie Zimmer f\u00fcr Raucher?<\/a><\/h4>\n\n\n\n<h4 class=\"wp-block-heading\"><a href=\"#ascensore\" data-type=\"internal\" data-id=\"#ascensore\">Sind alle Zimmer mit dem Aufzug erreichbar?<\/a><\/h4>\n\n\n\n<h4 class=\"wp-block-heading\"><a href=\"#disabili\" data-type=\"internal\" data-id=\"#disabili\">Haben Sie behindertengerechte Zimmer?<\/a><\/h4>\n\n\n\n<h3 class=\"wp-block-heading\">ANREISE<\/h3>\n\n\n\n<h4 class=\"wp-block-heading\"><a href=\"#ora\" data-type=\"internal\" data-id=\"#ora\">Wann kann ich anreisen?<\/a><\/h4>\n\n\n\n<h4 class=\"wp-block-heading\"><a href=\"#parcheggio\" data-type=\"internal\" data-id=\"#parcheggio\">Haben Sie einen reservierten Parkplatz? Ist es kostenpflichtig?<\/a><\/h4>\n\n\n\n<h4 class=\"wp-block-heading\"><a href=\"#check\" data-type=\"internal\" data-id=\"#check\">Wann ist der Check-in?<\/a><\/h4>\n\n\n\n<h3 class=\"wp-block-heading\">ABREISE<\/h3>\n\n\n\n<h4 class=\"wp-block-heading\"><a href=\"#giorno-partenza\">Um wie viel Uhr muss ich das Zimmer am Abreisetag verlassen?<\/a><\/h4>\n\n\n\n<h4 class=\"wp-block-heading\"><a href=\"#pagare-partenza\">Wie kann ich bei der Abreise bezahlen?<\/a><\/h4>\n\n\n\n<h4 class=\"wp-block-heading\"><a href=\"#pagato-online\">Wenn ich das Zimmer bereits online bezahlt habe, muss ich dann bei der Abreise mehr bezahlen?<\/a><\/h4>\n\n\n\n<h4 class=\"wp-block-heading\"><a href=\"#late-check-out\">Ist es m\u00f6glich, einen sp\u00e4ten Check-out anzufordern?<\/a><\/h4>\n\n\n\n<h4 class=\"wp-block-heading\"><a href=\"#spiaggia-parcheggio\">Kann ich den Strand und den Parkplatz f\u00fcr den Tag behalten, wenn ich das Zimmer verlasse?<\/a><\/h4>\n\n\n\n<h3 class=\"wp-block-heading\">BUCHUNGSBEDINGUNGEN<\/h3>\n\n\n\n<h4 class=\"wp-block-heading\"><a href=\"#sito-prenotazione\">Auf welcher Seite ist es besser zu buchen?<\/a><\/h4>\n\n\n\n<h4 class=\"wp-block-heading\"><a href=\"#cancellabile-rimborsabile\">Was ist der Unterschied zwischen einem stornierbaren und einem nicht erstattungsf\u00e4higen Tarif?<\/a><\/h4>\n\n\n\n<h4 class=\"wp-block-heading\"><a href=\"#serve-prenotare\">Was ben\u00f6tige ich f\u00fcr eine Reservierung?<\/a><\/h4>\n\n\n\n<h4 class=\"wp-block-heading\"><a href=\"#mail-conferma\">Erhalte ich eine Best\u00e4tigungs-E-Mail?<\/a><\/h4>\n\n\n\n<h3 class=\"wp-block-heading\">STORNIERUNGSBEDINGUNGEN<\/h3>\n\n\n\n<h4 class=\"wp-block-heading\"><a href=\"#cancellare-gratuitamente\">Kann ich meine Reservierung kostenlos stornieren?<\/a><\/h4>\n\n\n\n<h4 class=\"wp-block-heading\"><a href=\"#no-show\">Muss ich bezahlen, wenn ich nicht anreise (no show)?<\/a><\/h4>\n\n\n\n<h4 class=\"wp-block-heading\"><a href=\"#anticipo-restituito\">Wenn ich fristgerecht storniere und eine Vorauszahlung geleistet habe, wird mir diese zur\u00fcckerstattet?<\/a><\/h4>\n\n\n\n<h3 class=\"wp-block-heading\">DIENSTLEISTUNGEN<\/h3>\n\n\n\n<h4 class=\"wp-block-heading\"><a href=\"#parcheggio-incluso\">Ist das Parken inbegriffen? Wo ist es?<\/a><\/h4>\n\n\n\n<h4 class=\"wp-block-heading\"><a href=\"#animali-domestici\">Akzeptieren Sie Haustiere? Gibt es irgendwelche Regeln?<\/a><\/h4>\n\n\n\n<h4 class=\"wp-block-heading\"><a href=\"#prenotare-anticipo\">Ist es m\u00f6glich, eine bestimmte Reihe am Strand im Voraus zu buchen?<\/a><\/h4>\n\n\n\n<h4 class=\"wp-block-heading\"><a href=\"#noleggio-biciclette\">Bieten Sie einen Fahrradverleih an?<\/a><\/h4>\n\n\n\n<h4 class=\"wp-block-heading\"><a href=\"#posto-spiaggia\">Ist der Strandplatz inbegriffen? Was beinhaltet es?<\/a><\/h4>\n\n\n\n<h4 class=\"wp-block-heading\"><a href=\"#teli-mare\">Gibt es Strandt\u00fccher? Haben sie einen Aufpreis?<\/a><\/h4>\n\n\n\n<h4 class=\"wp-block-heading\"><a href=\"#prodotti-glutine\">Haben Sie glutenfreie, laktosefreie, vegetarische oder vegane Produkte?<\/a><\/h4>\n\n\n\n<h3 class=\"wp-block-heading\">Preise<\/h3>\n\n\n\n<h4 class=\"wp-block-heading\" id=\"incluso\"><strong>Was beinhalten die Zimmerpreise?<\/strong><\/h4>\n\n\n\n<p>Der Preis beinhaltet:<\/p>\n\n\n\n<ul class=\"wp-block-list\">\n<li>\u00dcbernachtung<\/li>\n\n\n\n<li>Fr\u00fchst\u00fccksb\u00fcffet <em>(wenn der gebuchte Tarif B&amp;B ist)<\/em><\/li>\n\n\n\n<li>ein Strandplatz pro Zimmer, der einen Sonnenschirm und zwei Liegen beinhaltet <em>(auch f\u00fcr Drei- \/<br>Vierbettzimmer) &#8211; Nur f\u00fcr Buchungen auf unserer direkten Website<\/em> &#8211; W\u00e4hrend der \u00d6ffnungszeiten des Strandbades<\/li>\n\n\n\n<li>ein Stellplatz pro Zimmer auf einem unserer Au\u00dfenparkpl\u00e4tze <em>(Gro\u00dfraum-Zuschlag, siehe unten)<\/em><\/li>\n\n\n\n<li>Klimaanlage<\/li>\n\n\n\n<li>Safe<\/li>\n\n\n\n<li>WLAN-Zugang<\/li>\n<\/ul>\n\n\n\n<h4 class=\"wp-block-heading\" id=\"non-incluso\"><strong>Was beinhalten die Zimmerpreise NICHT?<\/strong><\/h4>\n\n\n\n<p>Die Preise beinhalten nicht die Kurtaxe und weitere gesetzliche Steuererh\u00f6hungen, die im Laufe des Jahres eingef\u00fchrt werden k\u00f6nnen.<\/p>\n\n\n\n<p>Wenn Sie auf einer anderen Website als unserer direkten gebucht haben, ist der Strandplatz nicht inbegriffen.<\/p>\n\n\n\n<p>Alle Konsumationen oder Zusatzleistungen wie Gitterbett, Haustiere und mehr sind nicht inkludiert.<\/p>\n\n\n\n<p><br>Am Abreisetag fallen f\u00fcr diejenigen, die nach der Check-out-Zeit bleiben m\u00f6chten (je nach Verf\u00fcgbarkeit vor Ort zu \u00fcberpr\u00fcfen), der Strand und der Parkplatz gegen Aufpreis an. Ebenso kann am Anreisetag f\u00fcr die Nutzung unserer Leistungen vor 14:00 Uhr ein Aufpreis erhoben werden.<\/p>\n\n\n\n<h3 class=\"wp-block-heading\">Zimmer<\/h3>\n\n\n\n<h4 class=\"wp-block-heading\" id=\"letti-separati\"><strong>Ist es m\u00f6glich, getrennte Betten zu haben?<\/strong><\/h4>\n\n\n\n<p>Nur in einigen Zimmerkategorien ist dies m\u00f6glich, bitte geben Sie diese Anfrage bei der Buchung an.<\/p>\n\n\n\n<h4 class=\"wp-block-heading\" id=\"bidet\"><strong>Haben alle Zimmer ein Bidet?<\/strong><\/h4>\n\n\n\n<p>Nein, einige Zimmer haben kein Bidet.<\/p>\n\n\n\n<h4 class=\"wp-block-heading\" id=\"culle\"><strong>Sind Babybetten verf\u00fcgbar?<\/strong><\/h4>\n\n\n\n<p>Ja, sie sind gegen Aufpreis erh\u00e4ltlich. Bitte beachten Sie, dass nicht alle Zimmer \u00fcber ausreichend Platz f\u00fcr ein Babybett verf\u00fcgen.<\/p>\n\n\n\n<h4 class=\"wp-block-heading\" id=\"comunicanti\"><strong>Gibt es Zimmer mit Verbindungst\u00fcr?<\/strong><\/h4>\n\n\n\n<p>Nein.<\/p>\n\n\n\n<h4 class=\"wp-block-heading\" id=\"doccia\"><strong>Gibt es eine Dusche oder eine Badewanne?<\/strong><\/h4>\n\n\n\n<p>Alle unsere Zimmer verf\u00fcgen \u00fcber eine Duschkabine.<\/p>\n\n\n\n<h4 class=\"wp-block-heading\" id=\"fumatori\"><strong>Haben Sie Zimmer f\u00fcr Raucher?<\/strong><\/h4>\n\n\n\n<p>In unserem Hotel darf in den Zimmern NICHT geraucht werden, nur auf den Balkonen.<\/p>\n\n\n\n<h4 class=\"wp-block-heading\" id=\"ascensore\"><strong>Sind alle Zimmer mit dem Aufzug erreichbar?<\/strong><\/h4>\n\n\n\n<p>Nein. Einige Zimmerkategorien (z. B. Dreibett-\/Vierbettzimmer) erfordern auch die Benutzung von ein oder zwei Treppen.<\/p>\n\n\n\n<h4 class=\"wp-block-heading\" id=\"disabili\">Haben Sie behindertengerechte Zimmer?<\/h4>\n\n\n\n<p>Wir verf\u00fcgen \u00fcber 3 behindertengerechte Zimmer, es handelt sich um Doppelzimmer f\u00fcr maximal 2 Personen in der Kategorie Superior Seitlich.<\/p>\n\n\n\n<p>Einige Kategorien sind ger\u00e4umiger als andere oder bieten Platz unter der Sp\u00fcle, um n\u00e4her<br>heranzukommen.<\/p>\n\n\n\n<h3 class=\"wp-block-heading\">Anreise<\/h3>\n\n\n\n<h4 class=\"wp-block-heading\" id=\"ora\"><strong>Wann kann ich anreisen?<\/strong><\/h4>\n\n\n\n<p>Die Ankunft im Hotel ist jederzeit m\u00f6glich, um das Gep\u00e4ck auszuladen, es wird jedoch empfohlen, ab 14.00 Uhr (Check-in-Zeit) anzureisen, um sicherzustellen, dass Ihnen alle Services sofort zur Verf\u00fcgung stehen und Sie nicht warten m\u00fcssen. Bei einer Anreise vor dieser Zeit k\u00f6nnen wir nicht garantieren, dass Sie bereits Platz auf dem Parkplatz und am Strand haben. Das Zimmer ist immer ab 14.00 Uhr garantiert.<br>Bitte informieren Sie uns aus organisatorischen Gr\u00fcnden, wenn Sie nach 19.00 Uhr anreisen.<\/p>\n\n\n\n<h4 class=\"wp-block-heading\" id=\"parcheggio\"><strong>Haben Sie einen reservierten Parkplatz? Ist es kostenpflichtig?<\/strong><\/h4>\n\n\n\n<p>Es besteht die M\u00f6glichkeit, das Auto 500 Meter vom Hotel entfernt kostenlos<em>***<\/em> zu parken. Die Karten f\u00fcr den Eintritt an der Rezeption stellen wir gegen ein Pfand von EUR 20,- zur Verf\u00fcgung, das wir Ihnen beim Check-out gegen R\u00fcckgabe der Karte zur\u00fcckerstatten. Aus diesem Grund ist es notwendig, zuerst im Hotel anzukommen.<\/p>\n\n\n\n<p><em>***<\/em>Die zur Verf\u00fcgung stehenden Parkpl\u00e4tze sind f\u00fcr Autos normaler Gr\u00f6\u00dfe geeignet. F\u00fcr alle anderen Fahrzeugtypen (z. B. Minivans, Lieferwagen, Transporter, Pick-ups, Wohnmobil, usw.) ist ein spezieller reservierter Platz erforderlich. Daher ist ein Zuschlag in H\u00f6he von 8 bis 10 \u20ac \/ pro Tag erforderlich, abh\u00e4ngig vom Platzbedarf des jeweiligen Fahrzeugs. Dies wird vom Parkplatz, mit dem wir zusammenarbeiten, vor Ort beurteilt und kann nicht vom Hotel entschieden oder \u00fcbernommen werden.<\/p>\n\n\n\n<p>Weitere Parkpl\u00e4tze sind direkt am Hotel vorhanden, jedoch nur wenige und nicht buchbar. Je nach<br>Verf\u00fcgbarkeit k\u00f6nnen Sie hier auch parken.  &#8211; GEGEN EXTRAZAHLUNG<\/p>\n\n\n\n<h4 class=\"wp-block-heading\" id=\"check\"><strong>Wann ist der Check-in?<\/strong><\/h4>\n\n\n\n<p>Der Check-in ist ab 14:00 Uhr, zu diesem Zeitpunkt garantieren wir, dass das Zimmer fertig ist und der Strand und die Parkpl\u00e4tze verf\u00fcgbar sind.<\/p>\n\n\n\n<h3 class=\"wp-block-heading\">Abreise<\/h3>\n\n\n\n<h4 class=\"wp-block-heading\" id=\"giorno-partenza\"><strong>Um wie viel Uhr muss ich das Zimmer am Abreisetag verlassen?<\/strong><\/h4>\n\n\n\n<p>Das Zimmer muss bis 10:00 Uhr ger\u00e4umt werden.<\/p>\n\n\n\n<h4 class=\"wp-block-heading\" id=\"pagare-partenza\"><strong>Wie kann ich bei der Abreise bezahlen?<\/strong><\/h4>\n\n\n\n<p>Folgende Zahlungsmittel werden akzeptiert: Bargeld (mit gesetzlich vorgeschriebenem Limit), Bankomat, ECKarte, Maestro, Visa, MasterCard.<br>Stattdessen ist eine Barzahlung der Kurtaxe erforderlich.<\/p>\n\n\n\n<h4 class=\"wp-block-heading\" id=\"pagato-online\"><strong>Wenn ich das Zimmer bereits online bezahlt habe, muss ich dann bei der Abreise mehr bezahlen?<\/strong><\/h4>\n\n\n\n<p>Die Kurtaxe ist im Hotel bar zu entrichten.<\/p>\n\n\n\n<h4 class=\"wp-block-heading\" id=\"late-check-out\"><strong>Ist es m\u00f6glich, einen sp\u00e4ten Check-out anzufordern?<\/strong><\/h4>\n\n\n\n<p>Ein sp\u00e4ter Check-out ist nur vor Ort und je nach Verf\u00fcgbarkeit am Abreisetag m\u00f6glich. Es f\u00e4llt ein Aufpreis an.<\/p>\n\n\n\n<h4 class=\"wp-block-heading\" id=\"spiaggia-parcheggio\"><strong>Kann ich den Strand und den Parkplatz f\u00fcr den Tag behalten, wenn ich das Zimmer verlasse?<\/strong><\/h4>\n\n\n\n<p>Nur vorbehaltlich Verf\u00fcgbarkeit, die wir jedoch am Abreisetag pr\u00fcfen k\u00f6nnen und die wir nicht garantieren k\u00f6nnen. F\u00fcr den t\u00e4glichen Gebrauch wird ein Zuschlag erhoben.<\/p>\n\n\n\n<h3 class=\"wp-block-heading\">Buchungsbedingungen<\/h3>\n\n\n\n<h4 class=\"wp-block-heading\" id=\"sito-prenotazione\">Auf welcher Seite ist es besser zu buchen?<\/h4>\n\n\n\n<p>Wir empfehlen Ihnen, direkt auf unserer Website www.columbia-ninfea.com\/de\/ zu buchen, um die besten Preise und die g\u00fcnstigsten Buchungs\/Stornierungsbedingungen zu finden. Andere Buchungsseiten haben andere und nicht so flexible Buchungsbedingungen.<\/p>\n\n\n\n<p>Dar\u00fcber hinaus ist nur auf unserer Website der Strandplatz im Preis inbegriffen.<\/p>\n\n\n\n<h4 class=\"wp-block-heading\" id=\"cancellabile-rimborsabile\"><strong>Was ist der Unterschied zwischen einem stornierbaren und einem nicht erstattungsf\u00e4higen Tarif?<\/strong><\/h4>\n\n\n\n<p>Der Normaltarif ist flexibler, da er eine kostenlose Stornierung bis 3\/5\/7 Tage vor Anreise (bis 14.00 Uhr) vorsieht. Die genauen Tage h\u00e4ngen vom gew\u00e4hlten Zeitraum ab, lesen Sie die Details zum Zeitpunkt der Buchung. F\u00fcr alle Stornierungen oder \u00c4nderungen, die danach erfolgen, betr\u00e4gt die zu zahlende Strafe 30 bzw. 50 %, wie in den Bedingungen zum Zeitpunkt der Buchung angegeben.<br>Der nicht erstattungsf\u00e4hige Tarif hingegen ist f\u00fcr diejenigen gedacht, die sich ihres Urlaubs sicher sind, er bietet einen bereits angewendeten Rabatt im Vergleich zum stornierbaren Tarif. Der Gesamtbetrag muss jedoch zum Zeitpunkt der Buchung per Bank\u00fcberweisung bezahlt werden. Dieser Preis sieht keine Stornierung oder \u00c4nderung der Reservierung gegen den angewendeten Rabatt vor.<\/p>\n\n\n\n<h4 class=\"wp-block-heading\" id=\"serve-prenotare\"><strong>Was ben\u00f6tige ich f\u00fcr eine Reservierung?<\/strong><\/h4>\n\n\n\n<p>F\u00fcr Reservierungen auf unserer offiziellen Website oder direkt per Post und Telefon ben\u00f6tigen wir eine<br>Kreditkarte als Garantie oder eine Anzahlung per Bank\u00fcberweisung. Im Falle einer nicht erstattungsf\u00e4higen Rate muss der volle Betrag bezahlt werden und dies wird per Bank\u00fcberweisung angefordert. Mit Garantiekarte ist gemeint, dass die Karte im Falle eines Nichterscheinens, einer versp\u00e4teten Stornierung oder bei nicht bezahlten Zusatz- und Schadenersatzleistungen beim Check-out belastet werden kann.<\/p>\n\n\n\n<h4 class=\"wp-block-heading\" id=\"mail-conferma\"><strong>Erhalte ich eine Best\u00e4tigungs-E-Mail?<\/strong><\/h4>\n\n\n\n<p>Ja, wer auf unserer Direktseite bucht, erh\u00e4lt sofort eine automatisch generierte Best\u00e4tigungsmail. Bei<br>telefonischen Buchungen ist es m\u00f6glich, eine schriftliche Best\u00e4tigung per E-Mail anzufordern.<\/p>\n\n\n\n<h3 class=\"wp-block-heading\">Stornierungsbedingungen<\/h3>\n\n\n\n<h4 class=\"wp-block-heading\" id=\"cancellare-gratuitamente\"><strong>Kann ich meine Reservierung kostenlos stornieren?<\/strong><\/h4>\n\n\n\n<p>Es kommt darauf an, wo und zu welchem \u200b\u200bPreis die Buchung erfolgt ist.<br>Bei Direktbuchungen (\u00fcber unsere Website, Telefon, E-Mail) zum Normaltarif ist eine kostenlose Stornierung bis 3\/5\/7 Tage vor Anreise m\u00f6glich (bis 14.00 Uhr, die genauen Tage sind in der Buchungsbest\u00e4tigung angegeben, da sie von der Periode abh\u00e4ngen); Beim nicht erstattungsf\u00e4higen Tarif ist keine kostenlose Stornierung oder R\u00fcckerstattung m\u00f6glich, im Gegenzug wird der zum Zeitpunkt der Buchung gew\u00e4hrte Rabatt gew\u00e4hrt. Auch eine Verwendung der Anzahlung f\u00fcr andere Aufenthalte ist nicht m\u00f6glich.<\/p>\n\n\n\n<p>Bei fristgerechter Stornierung (mit Buchung per Bank\u00fcberweisung best\u00e4tigt) wird die Anzahlung abz\u00fcglich einer Provision von einem Euro zur\u00fcckerstattet.<\/p>\n\n\n\n<h4 class=\"wp-block-heading\" id=\"no-show\"><strong>Muss ich bezahlen, wenn ich nicht anreise (no show)?<\/strong><\/h4>\n\n\n\n<p>Es w\u00e4re h\u00f6flich, das Hotel zu benachrichtigen, wenn Sie aus irgendeinem Grund nicht mehr anreisen k\u00f6nnen. In diesen F\u00e4llen sind 50 % der Gesamtsumme f\u00fcr den Normaltarif zu entrichten. Dieser Betrag wird der Karte als Garantie belastet oder bei Vorschusszahlung einbehalten. Bei nicht erstattungsf\u00e4higen Buchungen wird der volle Betrag einbehalten und der Vorschuss kann nicht f\u00fcr andere Aufenthalte verwendet werden.<\/p>\n\n\n\n<h4 class=\"wp-block-heading\" id=\"anticipo-restituito\"><strong>Wenn ich fristgerecht storniere und eine Vorauszahlung geleistet habe, wird mir diese zur\u00fcckerstattet?<\/strong><\/h4>\n\n\n\n<p>Ja, dies gilt f\u00fcr Buchungen zum regul\u00e4ren Preis. Aber selbstverst\u00e4ndlich muss die Stornierung innerhalb der zum Zeitpunkt der Buchung angegebenen Fristen erfolgen. In diesem Fall wird die Anzahlung per Bank\u00fcberweisung zur\u00fcckerstattet, abz\u00fcglich anfallender Bankgeb\u00fchren.<br>Nicht erstattungsf\u00e4hige Tarife k\u00f6nnen nicht erstattet werden.<\/p>\n\n\n\n<h3 class=\"wp-block-heading\">Dienstleistungen<\/h3>\n\n\n\n<h4 class=\"wp-block-heading\" id=\"parcheggio-incluso\"><strong>Ist das Parken inbegriffen? Wo ist es?<\/strong><\/h4>\n\n\n\n<p>Es besteht die M\u00f6glichkeit, das Auto 500 Meter vom Hotel entfernt zu parken. Wir stellen die Karten f\u00fcr den Eintritt zur Rezeption gegen ein Pfand von EUR 20,00 (BARZAHLUNG) zur Verf\u00fcgung, das wir Ihnen beim Check-out gegen R\u00fcckgabe der Karte zur\u00fcckerstatten. Aus diesem Grund ist es notwendig, zuerst im Hotel anzukommen.&nbsp;<\/p>\n\n\n\n<p>Die zur Verf\u00fcgung stehenden Parkpl\u00e4tze sind f\u00fcr Autos normaler Gr\u00f6\u00dfe geeignet. F\u00fcr alle anderen Fahrzeugtypen (z. B. SUV, Minivan, Kombi, Minivans, Lieferwagen, Transporter, Pick-ups, Wohnmobil, usw.) ist ein speziell reservierter Platz erforderlich. Daher ist ein Zuschlag in H\u00f6he von 8 bis 10 \u20ac \/ pro Tag erforderlich, abh\u00e4ngig vom Platzbedarf des jeweiligen Fahrzeugs. Dies wird vom Parkplatz, mit dem wir zusammenarbeiten, vor Ort beurteilt und kann nicht vom Hotel entschieden oder \u00fcbernommen werden.<\/p>\n\n\n\n<p>Weitere Parkpl\u00e4tze sind direkt im Hotel vorhanden, jedoch nur wenige und nicht buchbar, je nach Verf\u00fcgbarkeit k\u00f6nnen Sie auch hier parken &#8211; &#8211; GEGEN EXTRAZAHLUNG. Nur die Autos, die sich nicht bewegen, bleiben hier. \u00a0<\/p>\n\n\n\n<h4 class=\"wp-block-heading\" id=\"animali-domestici\"><strong>Akzeptieren Sie Haustiere? Gibt es irgendwelche Regeln?<\/strong><\/h4>\n\n\n\n<p>Im Hotel sind nur kleine Haustiere erlaubt. Bringen Sie eine Decke \/ Hundeh\u00fctte und Essen f\u00fcr Ihre kleinen Freunde mit. Zuschlag von EUR 15,00 pro Tag.<br>Die Gemeindeverwaltung informiert, dass der Zugang zum Strand f\u00fcr Hunde und andere Haustiere nur auf dem gepflasterten \u00f6ffentlichen Weg (Promenade) erlaubt ist, der sich stromaufw\u00e4rts des Sandbereichs befindet. F\u00fcr Hunde besteht Leinen- und Maulkorbpflicht.<\/p>\n\n\n\n<h4 class=\"wp-block-heading\" id=\"prenotare-anticipo\"><strong>Ist es m\u00f6glich, eine bestimmte Reihe am Strand im Voraus zu buchen?<\/strong><\/h4>\n\n\n\n<p>Ein Sonnenschirm mit zwei Liegen ist f\u00fcr jedes gebuchte Zimmer inbegriffen (f\u00fcr Reservierungen auf unserer direkten Website), die Verf\u00fcgbarkeit k\u00f6nnen wir jedoch nur bei der Ankunft \u00fcberpr\u00fcfen, da wir t\u00e4glich an- und abreisen haben und daher keine Pl\u00e4tze im Voraus reservieren k\u00f6nnen. Es ist daher nicht m\u00f6glich, eine bestimmte Reihe zu reservieren. Wir m\u00f6chten Sie bereits jetzt darauf hinweisen, dass f\u00fcr die ersten Reihen ein Aufpreis zu entrichten ist.<\/p>\n\n\n\n<h4 class=\"wp-block-heading\" id=\"noleggio-biciclette\"><strong>Bieten Sie einen Fahrradverleih an?<\/strong><\/h4>\n\n\n\n<p>Ein Fahrradverleih ist verf\u00fcgbar, es gibt eine geringe Geb\u00fchr von 1,50 \u20ac pro Stunde.<\/p>\n\n\n\n<h4 class=\"wp-block-heading\" id=\"posto-spiaggia\"><strong>Ist der Strandplatz inbegriffen? Was beinhaltet es?<\/strong><\/h4>\n\n\n\n<p>Ja, aber nur f\u00fcr Buchungen auf unserer direkten Website.<\/p>\n\n\n\n<p>Der Preis beinhaltet den Strandplatz mit Sonnenschirm und zwei Sonnenliegen pro Zimmer &#8211; auch f\u00fcr Drei- oder Vierbettzimmer &#8211; w\u00e4hrend der \u00d6ffnungszeiten des Strandbades. Jeder Schirm ist mit einem kleinen Safe ausgestattet, der mit einem Armband ge\u00f6ffnet werden kann, das Sie an der Rezeption erfragen k\u00f6nnen (gegen eine Kaution von \u20ac 5,-). Es ist m\u00f6glich, ein zus\u00e4tzliches Strandbett f\u00fcr denselben zugewiesenen Platz direkt am Strand beim zust\u00e4ndigen Bademeister anzufordern (extra zu bezahlen).<\/p>\n\n\n\n<h4 class=\"wp-block-heading\" id=\"teli-mare\"><strong>Gibt es Strandt\u00fccher? Haben sie einen Aufpreis?<\/strong><\/h4>\n\n\n\n<p>Wir vermieten Strandt\u00fccher f\u00fcr 5 \u20ac pro St\u00fcck.<\/p>\n\n\n\n<h4 class=\"wp-block-heading\" id=\"prodotti-glutine\"><strong>Haben Sie glutenfreie, laktosefreie, vegetarische oder vegane Produkte?<\/strong><\/h4>\n\n\n\n<p>Zum Fr\u00fchst\u00fcck haben wir eine kleine Menge an glutenfreien abgepackten Produkten, die nicht als Buffet<br>ausgeh\u00e4ngt sind, sondern beim Restaurantpersonal angefordert werden m\u00fcssen.<br>Bei anderen Arten von Unvertr\u00e4glichkeiten bitten wir Sie, uns dies bei der Buchung mitzuteilen.<\/p>\n","protected":false},"excerpt":{"rendered":"<p>PREISE Was beinhalten die Zimmerpreise? Was beinhalten die Zimmerpreise NICHT? ZIMMER Ist es m\u00f6glich, getrennte Betten zu haben? Haben alle Zimmer ein Bidet? Sind Babybetten verf\u00fcgbar? Gibt es Zimmer mit Verbindungst\u00fcr? Gibt es eine Dusche oder eine Badewanne? Haben Sie Zimmer f\u00fcr Raucher? Sind alle Zimmer mit dem Aufzug erreichbar? Haben Sie behindertengerechte Zimmer? ANREISE [&hellip;]<\/p>\n","protected":false},"author":1,"featured_media":0,"parent":0,"menu_order":0,"comment_status":"closed","ping_status":"closed","template":"","meta":{"_acf_changed":false,"footnotes":""},"class_list":["post-788","page","type-page","status-publish","hentry"],"acf":[],"_links":{"self":[{"href":"https:\/\/www.columbia-ninfea.com\/de\/wp-json\/wp\/v2\/pages\/788","targetHints":{"allow":["GET"]}}],"collection":[{"href":"https:\/\/www.columbia-ninfea.com\/de\/wp-json\/wp\/v2\/pages"}],"about":[{"href":"https:\/\/www.columbia-ninfea.com\/de\/wp-json\/wp\/v2\/types\/page"}],"author":[{"embeddable":true,"href":"https:\/\/www.columbia-ninfea.com\/de\/wp-json\/wp\/v2\/users\/1"}],"replies":[{"embeddable":true,"href":"https:\/\/www.columbia-ninfea.com\/de\/wp-json\/wp\/v2\/comments?post=788"}],"version-history":[{"count":12,"href":"https:\/\/www.columbia-ninfea.com\/de\/wp-json\/wp\/v2\/pages\/788\/revisions"}],"predecessor-version":[{"id":4945,"href":"https:\/\/www.columbia-ninfea.com\/de\/wp-json\/wp\/v2\/pages\/788\/revisions\/4945"}],"wp:attachment":[{"href":"https:\/\/www.columbia-ninfea.com\/de\/wp-json\/wp\/v2\/media?parent=788"}],"curies":[{"name":"wp","href":"https:\/\/api.w.org\/{rel}","templated":true}]}}