{"id":775,"date":"2022-11-25T12:06:48","date_gmt":"2022-11-25T11:06:48","guid":{"rendered":"https:\/\/www.columbia-ninfea.com\/attivita\/"},"modified":"2026-03-04T17:25:22","modified_gmt":"2026-03-04T16:25:22","slug":"aktivitaeten","status":"publish","type":"page","link":"https:\/\/www.columbia-ninfea.com\/de\/aktivitaeten\/","title":{"rendered":"Aktivit\u00e4ten"},"content":{"rendered":"\n<div class=\"wp-block-columns is-layout-flex wp-container-core-columns-is-layout-9d6595d7 wp-block-columns-is-layout-flex\">\n<div class=\"wp-block-column is-layout-flow wp-block-column-is-layout-flow\">\n<figure class=\"wp-block-image size-full\"><img loading=\"lazy\" decoding=\"async\" width=\"1200\" height=\"674\" src=\"https:\/\/www.columbia-ninfea.com\/wp-content\/uploads\/2022\/11\/ruota-panoramica.jpg\" alt=\"Big Wheel Jesolo\" class=\"wp-image-321\" srcset=\"https:\/\/www.columbia-ninfea.com\/wp-content\/uploads\/2022\/11\/ruota-panoramica.jpg 1200w, https:\/\/www.columbia-ninfea.com\/wp-content\/uploads\/2022\/11\/ruota-panoramica-300x169.jpg 300w, https:\/\/www.columbia-ninfea.com\/wp-content\/uploads\/2022\/11\/ruota-panoramica-1024x575.jpg 1024w, https:\/\/www.columbia-ninfea.com\/wp-content\/uploads\/2022\/11\/ruota-panoramica-768x431.jpg 768w\" sizes=\"auto, (max-width: 1200px) 100vw, 1200px\" \/><\/figure>\n\n\n\n<h4 class=\"wp-block-heading\"><strong><strong>Riesenrad<\/strong><\/strong><\/h4>\n\n\n\n<p>Endlich k\u00f6nnen Sie das Meer aus einer besonderen Perspektive bewundern! Mit seinen 42 geschlossenen und klimatisierten Kabinen und insgesamt 252 Sitzpl\u00e4tzen ist es ein gigantisches Werk. Aus einer H\u00f6he von 60 Metern k\u00f6nnen Sie den 20 km langen Strand, einen unendlichen Horizont aus Himmel und Meer, jeden Tag anders ist, bewundern und sich nach dem Sonnenuntergang von einem Spiel von Licht, Farben und Emotionen verzaubern lassen.<\/p>\n<\/div>\n\n\n\n<div class=\"wp-block-column is-layout-flow wp-block-column-is-layout-flow\">\n<figure class=\"wp-block-image size-full is-resized\"><img decoding=\"async\" src=\"https:\/\/www.columbia-ninfea.com\/wp-content\/uploads\/2023\/05\/tropicarium.jpg\" alt=\"\" class=\"wp-image-1964\" style=\"aspect-ratio:1.6004814926271442;width:375px;height:auto\"\/><\/figure>\n\n\n\n<h4 class=\"wp-block-heading\"><strong>Tropicarium<\/strong><\/h4>\n\n\n\n<p>Tropicarium Park ist die gro\u00dfen Tierausstellungen in Jesolo. Es handelt sich um einen Rundgang, bei dem man einen direkten Blick auf Reptilien und tropische Schmetterlinge, doch auch auf Haie werfen kann. Insbesondere Aquarium &amp; Reptilarium ist ein Schaufenster, in dem man Schlangen, Schildkr\u00f6ten, Reptilien und tropische Fische, doch auch Spinnen, Skorpione und Insekten bewundern kann. Im Areal der Shark Expo hingegen, in den gro\u00dfen Aquarien, die Ausstellung beherbergt, schwimmen faszinierende Haie, die 24 verschiedenen Arten aus der ganzen Welt angeh\u00f6ren. Darunter findet man auch die Zambesi-Haie oder Bullenhaie, die einzigen in Europa aus gestellten Exemplare, und die beeindruckenden Stierhaie. Beide Ausstellungen k\u00f6nnen mit nur einer Eintrittskarte besucht werden.<\/p>\n<\/div>\n<\/div>\n\n\n\n<div class=\"wp-block-columns is-layout-flex wp-container-core-columns-is-layout-9d6595d7 wp-block-columns-is-layout-flex\">\n<div class=\"wp-block-column is-layout-flow wp-block-column-is-layout-flow\">\n<figure class=\"wp-block-image size-full\"><img decoding=\"async\" src=\"https:\/\/www.columbia-ninfea.com\/wp-content\/uploads\/2023\/05\/gomma-piuma.jpg\" alt=\"\" class=\"wp-image-1969\"\/><\/figure>\n\n\n\n<h4 class=\"wp-block-heading\"><strong>Gomma Piuma<\/strong><\/h4>\n\n\n\n<p>Zauberschl\u00f6sser, bunte H\u00e4uschen, Regenb\u00f6gen, B\u00e4llchen, legend\u00e4re Drachen, lustige Tierchen, die sympathischen Helden bekannter Trickfilme, Luftspr\u00fcnge, T\u00e4nze, Freudengeschrei, Spiele aller Art und nat\u00fcrlich unheimlich viel Spa\u00df\u2026<br>Haben Sie jemals einen Tag im H\u00fcpfburgenpark Gommapiuma verbracht?&nbsp;\u200bEltern werdet geheime Ecken entdecken, bezaubernde Orte, an denen ihr singen, tanzen, laufen, h\u00fcpfen und nochmals h\u00fcpfen d\u00fcrft. Die Eltern d\u00fcrfen sich auf die gem\u00fctlichen B\u00e4nke setzen, sich im Schatten eines Pavillons ausruhen, oder etwa einen erfrischenden Drink in der Mini-Bar einnehmen. Eins ist klar \u2013 hier kann man sich nur am\u00fcsieren!<\/p>\n<\/div>\n\n\n\n<div class=\"wp-block-column is-layout-flow wp-block-column-is-layout-flow\">\n<figure class=\"wp-block-image size-full\"><img decoding=\"async\" src=\"https:\/\/www.columbia-ninfea.com\/wp-content\/uploads\/2023\/05\/laguna-shopping.jpg\" alt=\"\" class=\"wp-image-1973\"\/><\/figure>\n\n\n\n<h4 class=\"wp-block-heading\"><strong>Laguna Shopping<\/strong><\/h4>\n\n\n\n<p>Das neue Einkaufszentrum im Herzen von Jesolo, t\u00e4glich ge\u00f6ffnet, gro\u00dfe Bereiche unter freiem Himmel, um den Hypermarkt in aller Freiheit zu erleben, Bars, Eissalons, Restaurants, Bekleidungsgesch\u00e4fte, Heimwerkermarkt, Elektronik, Artikel f\u00fcr das Haus\u2026&nbsp;und das alles in unmittelbarer N\u00e4he vom Meer.<\/p>\n<\/div>\n<\/div>\n\n\n\n<div class=\"wp-block-columns is-layout-flex wp-container-core-columns-is-layout-9d6595d7 wp-block-columns-is-layout-flex\">\n<div class=\"wp-block-column is-layout-flow wp-block-column-is-layout-flow\">\n<figure class=\"wp-block-image size-full\"><img decoding=\"async\" src=\"https:\/\/www.columbia-ninfea.com\/wp-content\/uploads\/2023\/05\/Bridgman-Water.jpg\" alt=\"\" class=\"wp-image-1977\"\/><\/figure>\n\n\n\n<h4 class=\"wp-block-heading\"><strong><strong><strong>Bridgman&nbsp;<\/strong>\u200b&nbsp;Wassersportzentrum&nbsp;<\/strong><\/strong><\/h4>\n\n\n\n<p>Windsurf, Segel, Wind und Meer. Die Definition von Traum, Freiheit und Bewegung. Warum also nicht diese fantastische Art sportlicher Bet\u00e4tigung aus\u00fcben, sobald eine leichte Brise aufkommt und die Sonne den klaren Himmel des Strandes von Jesolo aufw\u00e4rmt? Fast direkt in der N\u00e4he unserer Strandeinrichtung bietet die Segelschule BRIDGMAN die M\u00f6glichkeit, die folgenden Sportarten auszuf\u00fchren: Windsurfen, Wellenreiten, Kitesurfen, Wakeboarding, Wake-Surfen, Wasserski und Banana Boat \u2013 unbeschwert und sicher, mit professionellen Trainern<\/p>\n<\/div>\n\n\n\n<div class=\"wp-block-column is-layout-flow wp-block-column-is-layout-flow\">\n<figure class=\"wp-block-image size-full\"><img decoding=\"async\" src=\"https:\/\/www.columbia-ninfea.com\/wp-content\/uploads\/2023\/05\/centro-velico-sun-e-sea.jpg\" alt=\"\" class=\"wp-image-1981\"\/><\/figure>\n\n\n\n<h4 class=\"wp-block-heading\"><strong><strong>Sagelclub\u200b Jesolo Sun &amp; Sea<\/strong><\/strong><\/h4>\n\n\n\n<p>bietet Ihnen die M\u00f6glichkeit zahlreiche Sportarten direkt am Strand auszu\u00fcben\u200b \u200bVERLEIH HOBBIE CAT UND JOLLEN\u200b \u200bDie Gelegenheit f\u00fcr jeden, der seine freie Zeit optimal ausnutzen m\u00f6cht\u200be, \u200bKAJAK F\u00fcr Meeresliebhaber, eine weitere Herausforderung die nur mit dem Paddel zu meistern ist! SUP \u2013 Stand Up PaddlingDer neue Strandsport. Man paddelt wie die Gondolieri im Stehen auf einem Brett, das dem Surfbrett \u00e4hnelt.<\/p>\n<\/div>\n<\/div>\n\n\n\n<div class=\"wp-block-columns is-layout-flex wp-container-core-columns-is-layout-9d6595d7 wp-block-columns-is-layout-flex\">\n<div class=\"wp-block-column is-layout-flow wp-block-column-is-layout-flow\">\n<figure class=\"wp-block-image size-full\"><img decoding=\"async\" src=\"https:\/\/www.columbia-ninfea.com\/wp-content\/uploads\/2023\/05\/republic-sport-village.jpg\" alt=\"\" class=\"wp-image-1985\"\/><\/figure>\n\n\n\n<h4 class=\"wp-block-heading\"><strong><strong><strong>Spiel Dorf<\/strong><\/strong><\/strong><\/h4>\n\n\n\n<p>Spiel Dorf von Jesolo ist eines der komplexesten Sportzentren in Jesolo. So ist die Sport-Infrastruktur besteht aus Tennispl\u00e4tze , Basketball und Fu\u00dfballfelder , erg\u00e4nzt durch Skateboard undRollschuhbahnen.&nbsp;\u200b Ein Restaurant, eine Bar und ein Solarium, wo Kunden, die eine komplette Br\u00e4une zu bekommen m\u00f6chten. Die Sportm\u00f6glichkeiten sind weiterhin durch Freizeit Gelegenheiten erg\u00e4nzt. setzen, kurz anzuspielen Village ist ein Ort, an dem Kunden fit zu halten und haben jede Menge Spa\u00df an der gleichen Zeit, ein Wahrzeichen aller Freizeitm\u00f6glichkeiten ein in Jesolo k\u00f6nnen vor Ort<\/p>\n<\/div>\n\n\n\n<div class=\"wp-block-column is-layout-flow wp-block-column-is-layout-flow\">\n<figure class=\"wp-block-image size-full\"><img decoding=\"async\" src=\"https:\/\/www.columbia-ninfea.com\/wp-content\/uploads\/2023\/05\/mobydickII.png\" alt=\"\" class=\"wp-image-2051\"\/><\/figure>\n\n\n\n<h4 class=\"wp-block-heading\"><strong>MobyDick II<\/strong><\/h4>\n\n\n\n<p>Wenn sie direkt vom Strand von Jesolo ablegen wollen, um einen Ausflug nach Venedig zu unternehmen, ist Moby Dick II genau das Richtige f\u00fcr Sie. So k\u00f6nnen Sie nach Venedig und zu den gr\u00f6\u00dften Laguneninseln, wie Murano, Burano und Torcello, mit dem Schiff Moby Dick II auf dem Meerweg gelangen, und zwar von den drei Ablegestellen aus, Cortellazzo und \u2013 direkt am Strand \u2013 Piazza Milano und Piazza Marconi.<\/p>\n<\/div>\n<\/div>\n\n\n\n<div class=\"wp-block-columns is-layout-flex wp-container-core-columns-is-layout-9d6595d7 wp-block-columns-is-layout-flex\">\n<div class=\"wp-block-column is-layout-flow wp-block-column-is-layout-flow\">\n<figure class=\"wp-block-image size-full\"><img decoding=\"async\" src=\"https:\/\/www.columbia-ninfea.com\/wp-content\/uploads\/2023\/05\/pista-azzurra.jpg\" alt=\"\" class=\"wp-image-1989\"\/><\/figure>\n\n\n\n<h4 class=\"wp-block-heading\"><strong>Pista Azzurra<\/strong><\/h4>\n\n\n\n<p>Wenn Sie die Geschwindigkeit lieben, ist f\u00fcr Sie die Pista Azurra mit ihren 80.000 Quadratmetern perfekt geeignet! Die Kartbahn in Jesolo ist weltweit eine der gr\u00f6\u00dften Sportbahnen, auf der allj\u00e4hrlich Kart-Bewerbe und verschiedenste Motorveranstaltungen durchgef\u00fchrt werden. Sie ist ein beliebtes Ziel f\u00fcr alle Liebhaber des Motorsports, ob mit Go-Karts, Motorr\u00e4dern oder Motocross-Maschinen! Von M\u00e4rz bis September k\u00f6nnen Erwachsene und Kinder auf der Pista Azurra auf einer sicheren professionellen Kartbahn mit geliehenen Go-Karts an aufregenden \u201eVollgas-Bewerben\u201c teilnehmen. Auf der Anlage gibt es eine bestens ausgestattete Werkst\u00e4tte f\u00fcr Rennkarts und einen gro\u00dfen Parkplatz, an den ein Kinderspielplatz angeschlossen ist.<\/p>\n<\/div>\n\n\n\n<div class=\"wp-block-column is-layout-flow wp-block-column-is-layout-flow\">\n<figure class=\"wp-block-image size-full\"><img decoding=\"async\" src=\"https:\/\/www.columbia-ninfea.com\/wp-content\/uploads\/2023\/05\/caribe-bay.jpg\" alt=\"\" class=\"wp-image-1993\"\/><\/figure>\n\n\n\n<h4 class=\"wp-block-heading\"><strong>Caribe Bay<\/strong><\/h4>\n\n\n\n<p>Caribe Bay ist viel mehr als ein klassischer Wasservergn\u00fcgungspark mit 26 Wasserattraktionen (darunter die h\u00f6chste Rutschbahn der Welt)! Als regelrechte Insel mit Themenbereichen rund ums Vergn\u00fcgen hat Acqualandia auch mit Attraktionen au\u00dferhalb des Wassers (darunter der h\u00f6chste Bungee-Jumping-Turm Europas), 7 Live-Shows und 7 Animationsaktivit\u00e4ten allerhand zu bieten.<\/p>\n<\/div>\n<\/div>\n\n\n\n<div class=\"wp-block-columns is-layout-flex wp-container-core-columns-is-layout-9d6595d7 wp-block-columns-is-layout-flex\">\n<div class=\"wp-block-column is-layout-flow wp-block-column-is-layout-flow\">\n<figure class=\"wp-block-image size-full\"><img decoding=\"async\" src=\"https:\/\/www.columbia-ninfea.com\/wp-content\/uploads\/2023\/05\/noventa-di-piave.jpg\" alt=\"\" class=\"wp-image-1997\"\/><\/figure>\n\n\n\n<h4 class=\"wp-block-heading\"><strong>Noventa di Piave Designer Outlet<\/strong><\/h4>\n\n\n\n<p>Shopping in der umgebung! Ein modernes und grosses einkaufszentrum mit mehr als 80 gesch\u00e4fte. Italienische und internationale design- und markenmode f\u00fcr kinder, damen und herren. Eine wahre oase f\u00fcr die liebhaber des shoppings! Alles nur wenige kilometer von hotel europa entfernt.<\/p>\n<\/div>\n\n\n\n<div class=\"wp-block-column is-layout-flow wp-block-column-is-layout-flow\">\n<figure class=\"wp-block-image size-full\"><img decoding=\"async\" src=\"https:\/\/www.columbia-ninfea.com\/wp-content\/uploads\/2023\/05\/new-jesolandia.jpg\" alt=\"\" class=\"wp-image-2001\"\/><\/figure>\n\n\n\n<h4 class=\"wp-block-heading\"><strong>New Jesolandia<\/strong><\/h4>\n\n\n\n<p>New Jesolandia ist der neue Vergn\u00fcgungspark mit Themenbereichen in Jesolo. Auf einer Fl\u00e4che von 20.000 qm bietet er direkt vor dem Lido di Jesolo Attraktionen und Unterhaltung f\u00fcr Gro\u00df und Klein, mit speziellem Augenmerk auf Familien.<br>Vergn\u00fcgungspark \u201cIl Futuro del Divertimento\u201d Dieser neue und gro\u00dfe Park bietet Ihnen ein H\u00f6chstma\u00df an Unterhaltung und wird von 20 Videokameras komplett \u00fcberwacht, sodass Sie den Abend mit Ihrer Familie rundum sorglos genie\u00dfen k\u00f6nnen.<br>Von den Hauptpl\u00e4tzen stehen Shuttle-Busse bereit, die Sie kostenlos alle 30 Minuten zum Park bringen. Eine bequeme Art uns zu besuchen!<\/p>\n<\/div>\n<\/div>\n\n\n\n<div class=\"wp-block-columns is-layout-flex wp-container-core-columns-is-layout-9d6595d7 wp-block-columns-is-layout-flex\">\n<div class=\"wp-block-column is-layout-flow wp-block-column-is-layout-flow\">\n<figure class=\"wp-block-image size-large\"><img loading=\"lazy\" decoding=\"async\" width=\"1024\" height=\"569\" src=\"https:\/\/www.columbia-ninfea.com\/wp-content\/uploads\/2022\/11\/jolly-roger-1024x569.jpg\" alt=\"\" class=\"wp-image-414\" srcset=\"https:\/\/www.columbia-ninfea.com\/wp-content\/uploads\/2022\/11\/jolly-roger-1024x569.jpg 1024w, https:\/\/www.columbia-ninfea.com\/wp-content\/uploads\/2022\/11\/jolly-roger-300x167.jpg 300w, https:\/\/www.columbia-ninfea.com\/wp-content\/uploads\/2022\/11\/jolly-roger-768x427.jpg 768w, https:\/\/www.columbia-ninfea.com\/wp-content\/uploads\/2022\/11\/jolly-roger-1536x853.jpg 1536w, https:\/\/www.columbia-ninfea.com\/wp-content\/uploads\/2022\/11\/jolly-roger-2048x1138.jpg 2048w\" sizes=\"auto, (max-width: 1024px) 100vw, 1024px\" \/><\/figure>\n\n\n\n<h4 class=\"wp-block-heading\"><strong>Jolly Roger<\/strong><\/h4>\n\n\n\n<p>Jolly Roger Galeonen \u2013 den wahrheitsgetreuen Nachbildungen der Boote, die von der Serenissima zwischen dem 17. und 19. Jahrhundert erbaut wurden \u2013 um mit Ihnen auf Entdeckungsreise der venezianischen Lagune zu gehen und Sie \u00fcber beeindruckende Strecken zu den bezauberndsten Orten der adriatischen K\u00fcste zu bringen .<\/p>\n<\/div>\n\n\n\n<div class=\"wp-block-column is-layout-flow wp-block-column-is-layout-flow\">\n<figure class=\"wp-block-image size-full\"><img decoding=\"async\" src=\"https:\/\/www.columbia-ninfea.com\/wp-content\/uploads\/2023\/05\/fabbrica-della-scienza.jpg\" alt=\"\" class=\"wp-image-2005\"\/><\/figure>\n\n\n\n<h4 class=\"wp-block-heading\"><strong>Science factory<\/strong><\/h4>\n\n\n\n<p>Die brandneue Science Factory beherbergt v\u00f6llig unver\u00f6ffentlichte Bereiche, Ausstellungsbereiche, digitale R\u00e4ume mit ansprechenden Erlebnissen und viele neue interaktive Maschinen. Sie werden sich wie echte Wissenschaftler f\u00fchlen!<br>Sie werden die Kraft der Tornados entdecken, die Landung auf dem Mond erleben und die m\u00e4chtigen Ph\u00e4nomene der Elektrizit\u00e4t beobachten!<br>In der Science Factory wartet noch viel mehr auf Sie!<\/p>\n<\/div>\n<\/div>\n\n\n\n<div class=\"wp-block-columns is-layout-flex wp-container-core-columns-is-layout-9d6595d7 wp-block-columns-is-layout-flex\">\n<div class=\"wp-block-column is-layout-flow wp-block-column-is-layout-flow\">\n<figure class=\"wp-block-image size-full\"><img decoding=\"async\" src=\"https:\/\/www.columbia-ninfea.com\/wp-content\/uploads\/2023\/05\/golf-club.jpg\" alt=\"\" class=\"wp-image-2009\"\/><\/figure>\n\n\n\n<h4 class=\"wp-block-heading\"><strong>Golf Club Jesolo<\/strong><\/h4>\n\n\n\n<p>Der Golf Club Jesolo pr\u00e4sentiert sich als gr\u00fcne Oase auf einer Fl\u00e4che von 900.000 qm mit einer \u00fcppigen Pflanzenwelt und ist ideal f\u00fcr den Gast, der seinen Urlaub zwischen Meer und Kultur mit dem Golfspielen verbinden m\u00f6chte.<br>Im eleganten und raffinierten Club House k\u00f6nnen Golfer obendrein exklusive Serviceleistungen nutzen: Pro-shop, Bar, Restaurant und Umkleidekabinen.<\/p>\n<\/div>\n\n\n\n<div class=\"wp-block-column is-layout-flow wp-block-column-is-layout-flow\">\n<figure class=\"wp-block-image size-full\"><img decoding=\"async\" src=\"https:\/\/www.columbia-ninfea.com\/wp-content\/uploads\/2023\/05\/Vecio-piave.jpg\" alt=\"\" class=\"wp-image-2013\"\/><\/figure>\n\n\n\n<h4 class=\"wp-block-heading\"><strong><strong>Scheibenschiessen \u201cAl Vecio Piave\u201d<\/strong><\/strong><\/h4>\n\n\n\n<p>Eine der modernsten und gr\u00f6\u00dften Struktur in Nord-Italien, wo schon einige Gro\u00dfe Nationale und Internationale Veranstaltungen stattgefunden haben. Unter anderen auch die Weltmeisterschaft.<br>Ein ger\u00e4umiges Clubhaus, Waffenkammer, Bar, Vinothek mit Imbiss, ein gro\u00dfer Salon mit \u00fcberdachter Terrasse f\u00fcr Festlichkeiten steht Ihnen zur Verf\u00fcgung.<\/p>\n<\/div>\n<\/div>\n","protected":false},"excerpt":{"rendered":"<p>Riesenrad Endlich k\u00f6nnen Sie das Meer aus einer besonderen Perspektive bewundern! Mit seinen 42 geschlossenen und klimatisierten Kabinen und insgesamt 252 Sitzpl\u00e4tzen ist es ein gigantisches Werk. Aus einer H\u00f6he von 60 Metern k\u00f6nnen Sie den 20 km langen Strand, einen unendlichen Horizont aus Himmel und Meer, jeden Tag anders ist, bewundern und sich nach [&hellip;]<\/p>\n","protected":false},"author":1,"featured_media":0,"parent":0,"menu_order":0,"comment_status":"closed","ping_status":"closed","template":"","meta":{"_acf_changed":false,"footnotes":""},"class_list":["post-775","page","type-page","status-publish","hentry"],"acf":[],"_links":{"self":[{"href":"https:\/\/www.columbia-ninfea.com\/de\/wp-json\/wp\/v2\/pages\/775","targetHints":{"allow":["GET"]}}],"collection":[{"href":"https:\/\/www.columbia-ninfea.com\/de\/wp-json\/wp\/v2\/pages"}],"about":[{"href":"https:\/\/www.columbia-ninfea.com\/de\/wp-json\/wp\/v2\/types\/page"}],"author":[{"embeddable":true,"href":"https:\/\/www.columbia-ninfea.com\/de\/wp-json\/wp\/v2\/users\/1"}],"replies":[{"embeddable":true,"href":"https:\/\/www.columbia-ninfea.com\/de\/wp-json\/wp\/v2\/comments?post=775"}],"version-history":[{"count":6,"href":"https:\/\/www.columbia-ninfea.com\/de\/wp-json\/wp\/v2\/pages\/775\/revisions"}],"predecessor-version":[{"id":4954,"href":"https:\/\/www.columbia-ninfea.com\/de\/wp-json\/wp\/v2\/pages\/775\/revisions\/4954"}],"wp:attachment":[{"href":"https:\/\/www.columbia-ninfea.com\/de\/wp-json\/wp\/v2\/media?parent=775"}],"curies":[{"name":"wp","href":"https:\/\/api.w.org\/{rel}","templated":true}]}}