{"id":4691,"date":"2026-02-04T07:49:04","date_gmt":"2026-02-04T06:49:04","guid":{"rendered":"https:\/\/www.columbia-ninfea.com\/?page_id=4691"},"modified":"2026-02-23T08:41:10","modified_gmt":"2026-02-23T07:41:10","slug":"bestpreisgarantie","status":"publish","type":"page","link":"https:\/\/www.columbia-ninfea.com\/de\/bestpreisgarantie\/","title":{"rendered":"Bestpreisgarantie"},"content":{"rendered":"\n<p><strong>Buchen Sie \u00fcber die offizielle Website des Hotel Columbia &amp; Ninfea und sparen Sie<\/strong><\/p>\n\n\n\n<p>Suchen Sie ein Strandhotel in Jesolo zum besten Preis? Dann sind Sie bei uns genau richtig!<\/p>\n\n\n\n<p>Buchen Sie direkt \u00fcber unsere offizielle Website und profitieren Sie von den besten Preisen im Vergleich zu anderen Online-Portalen.<\/p>\n\n\n\n<p>Keine Zwischenh\u00e4ndler, keine Provisionen \u2013 nur niedrigere Preise und exklusive Vorteile speziell f\u00fcr Sie.<\/p>\n\n\n\n<p>Andere Websites erheben zus\u00e4tzliche Kosten und Geb\u00fchren, die den Endpreis erh\u00f6hen.<\/p>\n\n\n\n<p>Auf unserer Website zahlen Sie weniger und erhalten mehr.<\/p>\n\n\n\n<p><strong>Warum direkt bei uns buchen?<\/strong><\/p>\n\n\n\n<p><strong>\ud83d\udcb6 Unsere Preise sind deutlich niedriger als auf anderen Portalen.<\/strong><\/p>\n\n\n\n<p>Online-Reiseb\u00fcros (Booking.com, Expedia usw.) verlangen hohe Provisionen.<\/p>\n\n\n\n<p>Das bedeutet h\u00f6here Preise f\u00fcr Sie.<\/p>\n\n\n\n<p>Auf der offiziellen Website des Hotel Columbia &amp; Ninfea in Jesolo finden Sie hingegen immer:<\/p>\n\n\n\n<ul class=\"wp-block-list\">\n<li>besondere Angebote<\/li>\n\n\n\n<li>exklusive Rabatte<\/li>\n\n\n\n<li>Aktionen, die nirgendwo sonst ver\u00f6ffentlicht werden<\/li>\n\n\n\n<li>keine versteckten Kosten<\/li>\n<\/ul>\n\n\n\n<p>Den besten Preis gibt es nur hier. Garantiert.<\/p>\n\n\n\n<h3 class=\"wp-block-heading\"><strong>\ud83d\udccb G\u00fcnstigere Buchungsbedingungen<\/strong><\/h3>\n\n\n\n<p>Durch eine Direktbuchung profitieren Sie von gr\u00f6\u00dferer Flexibilit\u00e4t und besseren Konditionen:<\/p>\n\n\n\n<ul class=\"wp-block-list\">\n<li>G\u00fcnstigere Stornierungsbedingungen<\/li>\n\n\n\n<li>Einfachere \u00c4nderungen<\/li>\n\n\n\n<li>Direkte Beratung durch unsere Mitarbeiter, kein Callcenter.<\/li>\n<\/ul>\n\n\n\n<p>Sie sprechen direkt mit uns, nicht mit einem Vermittler.<\/p>\n\n\n\n<h3 class=\"wp-block-heading\"><strong>\ud83d\udc9b Mehr Aufmerksamkeit f\u00fcr Ihre Anfragen<\/strong><\/h3>\n\n\n\n<p>Haben Sie besondere Bed\u00fcrfnisse?&nbsp;<\/p>\n\n\n\n<p>Ein Zimmer in einem h\u00f6heren Stockwerk, ein ruhiges Zimmer, spezielle Ern\u00e4hrungsw\u00fcnsche oder sonstige Sonderw\u00fcnsche?&nbsp;<\/p>\n\n\n\n<p>G\u00e4ste, die direkt buchen, erhalten Priorit\u00e4t und werden pers\u00f6nlich betreut.&nbsp;<\/p>\n\n\n\n<p>Dank des direkten und unverf\u00e4lschten Kontakts k\u00f6nnen wir jedes Detail reibungslos organisieren.<\/p>\n\n\n\n<h3 class=\"wp-block-heading\"><strong>\ud83c\udfd6\ufe0f Strand inklusive (exklusiver Vorteil!)<\/strong><\/h3>\n\n\n\n<p>Dies ist einer der Vorteile, die unsere G\u00e4ste besonders sch\u00e4tzen.<\/p>\n\n\n\n<p>Bei Buchung <strong>von mindestens 3 N\u00e4chten \u00fcber unsere offizielle Website ist der Privatstrand im Preis inbegriffen<\/strong>.<\/p>\n\n\n\n<p>Sonnenschirm und Liegen sind bereits f\u00fcr Sie reserviert \u2013 ganz unkompliziert.<\/p>\n\n\n\n<p>G\u00e4ste, die \u00fcber Online-Portale buchen, m\u00fcssen diesen Service jedoch separat hinzubuchen, was zus\u00e4tzliche Kosten von \u00fcber 20 \u20ac pro Tag verursachen kann.<\/p>\n\n\n\n<p>F\u00fcr eine Woche summiert sich dies auf \u00fcber 140 \u20ac.<\/p>\n\n\n\n<p><strong>Bei Direktbuchungen ist dieser Preis bereits enthalten<\/strong>.<\/p>\n\n\n\n<h2 class=\"wp-block-heading\"><strong>Die cleverste Art, Ihr Strandhotel in Jesolo zu buchen<\/strong><\/h2>\n\n\n\n<p>Wenn Sie Ihren Urlaub in Jesolo planen und Folgendes suchen:<\/p>\n\n\n\n<ul class=\"wp-block-list\">\n<li>3-Sterne-Strandhotel<\/li>\n\n\n\n<li>Strandnutzung inklusive<\/li>\n\n\n\n<li>Attraktive Angebote<\/li>\n\n\n\n<li>Direkter Kontakt zum Hotel<\/li>\n\n\n\n<li>Bestpreisgarantie<\/li>\n<\/ul>\n\n\n\n<p>Dann buchen Sie am besten \u00fcber unsere offizielle Website.&nbsp;<\/p>\n\n\n\n<p>So profitieren Sie von geringeren Kosten, mehr Service und pers\u00f6nlicher Betreuung.<\/p>\n\n\n\n<h3 class=\"wp-block-heading\"><strong>Buchen Sie jetzt \u00fcber die Website des Hotel Columbia &amp; Ninfea.<\/strong><\/h3>\n\n\n\n<p>Hier finden Sie garantiert immer den besten Preis.<\/p>\n","protected":false},"excerpt":{"rendered":"<p>Buchen Sie \u00fcber die offizielle Website des Hotel Columbia &amp; Ninfea und sparen Sie Suchen Sie ein Strandhotel in Jesolo zum besten Preis? Dann sind Sie bei uns genau richtig! Buchen Sie direkt \u00fcber unsere offizielle Website und profitieren Sie von den besten Preisen im Vergleich zu anderen Online-Portalen. Keine Zwischenh\u00e4ndler, keine Provisionen \u2013 nur [&hellip;]<\/p>\n","protected":false},"author":1,"featured_media":0,"parent":0,"menu_order":0,"comment_status":"closed","ping_status":"closed","template":"","meta":{"_acf_changed":false,"footnotes":""},"class_list":["post-4691","page","type-page","status-publish","hentry"],"acf":[],"_links":{"self":[{"href":"https:\/\/www.columbia-ninfea.com\/de\/wp-json\/wp\/v2\/pages\/4691","targetHints":{"allow":["GET"]}}],"collection":[{"href":"https:\/\/www.columbia-ninfea.com\/de\/wp-json\/wp\/v2\/pages"}],"about":[{"href":"https:\/\/www.columbia-ninfea.com\/de\/wp-json\/wp\/v2\/types\/page"}],"author":[{"embeddable":true,"href":"https:\/\/www.columbia-ninfea.com\/de\/wp-json\/wp\/v2\/users\/1"}],"replies":[{"embeddable":true,"href":"https:\/\/www.columbia-ninfea.com\/de\/wp-json\/wp\/v2\/comments?post=4691"}],"version-history":[{"count":1,"href":"https:\/\/www.columbia-ninfea.com\/de\/wp-json\/wp\/v2\/pages\/4691\/revisions"}],"predecessor-version":[{"id":4692,"href":"https:\/\/www.columbia-ninfea.com\/de\/wp-json\/wp\/v2\/pages\/4691\/revisions\/4692"}],"wp:attachment":[{"href":"https:\/\/www.columbia-ninfea.com\/de\/wp-json\/wp\/v2\/media?parent=4691"}],"curies":[{"name":"wp","href":"https:\/\/api.w.org\/{rel}","templated":true}]}}