{"id":4474,"date":"2026-01-29T09:45:13","date_gmt":"2026-01-29T08:45:13","guid":{"rendered":"https:\/\/www.columbia-ninfea.com\/?page_id=4474"},"modified":"2026-01-29T09:49:02","modified_gmt":"2026-01-29T08:49:02","slug":"new-2026-coming-soon-pool","status":"publish","type":"page","link":"https:\/\/www.columbia-ninfea.com\/de\/new-2026-coming-soon-pool\/","title":{"rendered":"New 2026 \u2013 Coming soon | Pool"},"content":{"rendered":"\n<p>Wir arbeiten an unserem neuen Poolbereich: ein moderner und entspannender Ort, der Ihren Aufenthalt noch sch\u00f6ner macht.<\/p>\n\n\n\n<p>Wenn alles nach Plan l\u00e4uft, wird es im Sommer 2026 fertig sein.<\/p>\n\n\n\n<p>M\u00f6chten Sie schon jetzt von Ihrem neuen Pool tr\u00e4umen? <strong>So stellen wir ihn uns vor \u2026<\/strong><\/p>\n\n\n\n<figure class=\"wp-block-image size-large\"><img decoding=\"async\" src=\"https:\/\/www.columbia-ninfea.com\/wp-content\/uploads\/2026\/01\/PROJECT-RENDER-1024x338.png\" alt=\"PROJECT RENDER Pool\" class=\"wp-image-4506\"\/><\/figure>\n","protected":false},"excerpt":{"rendered":"<p>Wir arbeiten an unserem neuen Poolbereich: ein moderner und entspannender Ort, der Ihren Aufenthalt noch sch\u00f6ner macht. Wenn alles nach Plan l\u00e4uft, wird es im Sommer 2026 fertig sein. M\u00f6chten Sie schon jetzt von Ihrem neuen Pool tr\u00e4umen? So stellen wir ihn uns vor \u2026<\/p>\n","protected":false},"author":2,"featured_media":0,"parent":0,"menu_order":0,"comment_status":"closed","ping_status":"closed","template":"","meta":{"_acf_changed":false,"footnotes":""},"class_list":["post-4474","page","type-page","status-publish","hentry"],"acf":[],"_links":{"self":[{"href":"https:\/\/www.columbia-ninfea.com\/de\/wp-json\/wp\/v2\/pages\/4474","targetHints":{"allow":["GET"]}}],"collection":[{"href":"https:\/\/www.columbia-ninfea.com\/de\/wp-json\/wp\/v2\/pages"}],"about":[{"href":"https:\/\/www.columbia-ninfea.com\/de\/wp-json\/wp\/v2\/types\/page"}],"author":[{"embeddable":true,"href":"https:\/\/www.columbia-ninfea.com\/de\/wp-json\/wp\/v2\/users\/2"}],"replies":[{"embeddable":true,"href":"https:\/\/www.columbia-ninfea.com\/de\/wp-json\/wp\/v2\/comments?post=4474"}],"version-history":[{"count":2,"href":"https:\/\/www.columbia-ninfea.com\/de\/wp-json\/wp\/v2\/pages\/4474\/revisions"}],"predecessor-version":[{"id":4511,"href":"https:\/\/www.columbia-ninfea.com\/de\/wp-json\/wp\/v2\/pages\/4474\/revisions\/4511"}],"wp:attachment":[{"href":"https:\/\/www.columbia-ninfea.com\/de\/wp-json\/wp\/v2\/media?parent=4474"}],"curies":[{"name":"wp","href":"https:\/\/api.w.org\/{rel}","templated":true}]}}