{"id":3495,"date":"2025-05-06T09:43:33","date_gmt":"2025-05-06T07:43:33","guid":{"rendered":"https:\/\/www.columbia-ninfea.com\/?page_id=3495"},"modified":"2026-02-10T10:22:55","modified_gmt":"2026-02-10T09:22:55","slug":"faq-auf-einen-blick","status":"publish","type":"page","link":"https:\/\/www.columbia-ninfea.com\/de\/faq-auf-einen-blick\/","title":{"rendered":"FAQ auf einen Blick"},"content":{"rendered":"\n<p>Vor der Buchung stellen uns viele G\u00e4ste <strong>Fragen<\/strong> zu unseren Leistungen, zur Lage und zu den exklusiven Vorteilen. In diesem Abschnitt finden Sie klare und aktuelle <strong>Antworten<\/strong> auf die h\u00e4ufigsten Fragen \u2013 damit Sie ganz einfach herausfinden k\u00f6nnen, dass Hotel Columbia &amp; Ninfea die <strong>richtige Wahl<\/strong> f\u00fcr Ihren Urlaub in Jesolo ist.<\/p>\n\n\n<div id=\"rank-math-faq\" class=\"rank-math-block\">\n<div class=\"rank-math-list \">\n<div id=\"faq-question-1762933240609\" class=\"rank-math-list-item\">\n<h3 class=\"rank-math-question \">Zimmer mit Meerblick und Balkon in Jesolo<\/h3>\n<div class=\"rank-math-answer \">\n<img loading=\"lazy\" decoding=\"async\" width=\"150\" height=\"150\" src=\"https:\/\/www.columbia-ninfea.com\/wp-content\/uploads\/2025\/07\/spiaggia-home-blocco-150x150.webp\" class=\"alignright\" alt=\"Homepage: Lage\" \/>\n<p>Wenn Sie ein\u00a0<strong>Zimmer mit Meerblick in Jesolo<\/strong>\u00a0suchen, das Komfort, zentrale Lage und hochwertige Dienstleistungen vereint, ist das\u00a0<strong>Hotel Columbia &amp; Ninfea<\/strong>\u00a0die richtige Wahl.\u00a0<a href=\"https:\/\/www.columbia-ninfea.com\/de\/wo-kann-man-in-jesolo-in-einem-zimmer-mit-meerblick-uebernachten\/\">Mehr erfahren -&gt;<\/a><\/p>\n\n<\/div>\n<\/div>\n<div id=\"faq-question-1762933273953\" class=\"rank-math-list-item\">\n<h3 class=\"rank-math-question \">Hotel direkt am Meer in Jesolo in strategisch g\u00fcnstiger Lage nahe der Piazza Mazzini<\/h3>\n<div class=\"rank-math-answer \">\n<img loading=\"lazy\" decoding=\"async\" width=\"150\" height=\"150\" src=\"https:\/\/www.columbia-ninfea.com\/wp-content\/uploads\/2025\/04\/Hotel-fronte-mare-vicino-a-Piazza-Mazzini-1-150x150.webp\" class=\"alignright\" alt=\"Hotel fronte mare vicino a Piazza Mazzini\" \/>\n<p>Ein Hotel zu finden, das eine\u00a0<strong>Lage direkt am Meer<\/strong>\u00a0mit der\u00a0<strong>N\u00e4he zum Stadtzentrum von Jesolo<\/strong>\u00a0vereint, ist nicht einfach. Doch das\u00a0<strong>Hotel Columbia &amp; Ninfea<\/strong>\u00a0ist die perfekte Antwort f\u00fcr alle, die einen komfortablen, aussichtsreichen und zentralen Aufenthalt suchen.\u00a0<a href=\"https:\/\/www.columbia-ninfea.com\/de\/wo-findet-man-ein-hotel-direkt-am-strand-nahe-der-piazza-mazzini\/\">Mehr erfahren -&gt;<\/a><\/p>\n\n<\/div>\n<\/div>\n<div id=\"faq-question-1762933307362\" class=\"rank-math-list-item\">\n<h3 class=\"rank-math-question \">Fr\u00fchst\u00fcck mit Meerblick auf der Terrasse in Jesolo<\/h3>\n<div class=\"rank-math-answer \">\n<img loading=\"lazy\" decoding=\"async\" width=\"150\" height=\"150\" src=\"https:\/\/www.columbia-ninfea.com\/wp-content\/uploads\/2025\/04\/Colazione-150x150.webp\" class=\"alignright\" alt=\"Fr\u00fchst\u00fcck mit Meerblick\" \/>\n<p>Ein Fr\u00fchst\u00fcck mit Meerblick ist nicht nur eine Frage der Aussicht, sondern ein Erlebnis, das den Tagesrhythmus ver\u00e4ndert. Im\u00a0<strong>Hotel Columbia &amp; Ninfea<\/strong>\u00a0in Jesolo beginnt jeder Morgen mit einem\u00a0<strong>Fr\u00fchst\u00fcck auf der Terrasse direkt am Meer<\/strong>.\u00a0<a href=\"https:\/\/www.columbia-ninfea.com\/de\/fruehstueck-mit-meerblick-in-jesolo\/\">Mehr erfahren -&gt;<\/a><\/p>\n\n<\/div>\n<\/div>\n<div id=\"faq-question-1762933327826\" class=\"rank-math-list-item\">\n<h3 class=\"rank-math-question \">Aufenthalt mit Strandservice und reserviertem Sonnenschirm in Jesolo<\/h3>\n<div class=\"rank-math-answer \">\n<img loading=\"lazy\" decoding=\"async\" width=\"150\" height=\"150\" src=\"https:\/\/www.columbia-ninfea.com\/wp-content\/uploads\/2025\/04\/Hotel-con-spiaggia-privata-150x150.webp\" class=\"alignright\" alt=\"Hotel mit Privatstrand\" \/>\n<p>Jesolo ist eines der beliebtesten Seeb\u00e4der Italiens und zieht jedes Jahr Tausende von Reisenden an, die Sonne, Entspannung und qualitativ hochwertige Services suchen. Wer seinen Urlaub wirklich komfortabel gestalten m\u00f6chte, sollte sich f\u00fcr ein\u00a0<strong>Hotel mit Privatstrand<\/strong>\u00a0entscheiden.\u00a0<a href=\"https:\/\/www.columbia-ninfea.com\/de\/wo-findet-man-ein-hotel-mit-privatstrand-in-jesolo\/\">Mehr erfahren -&gt;<\/a><\/p>\n\n<\/div>\n<\/div>\n<div id=\"faq-question-1762933388163\" class=\"rank-math-list-item\">\n<h3 class=\"rank-math-question \">\u00dcbernachten Sie im Herzen von Jesolo zwischen der Via Bafile und der Piazza Mazzini<\/h3>\n<div class=\"rank-math-answer \">\n<img loading=\"lazy\" decoding=\"async\" width=\"150\" height=\"150\" src=\"https:\/\/www.columbia-ninfea.com\/wp-content\/uploads\/2025\/04\/Hotel-fronte-mare-vicino-a-Piazza-Mazzini-1-150x150.webp\" class=\"alignright\" alt=\"Hotel fronte mare vicino a Piazza Mazzini\" \/>\n<p>Wenn Sie auf der Suche nach\u00a0<strong>einem strategisch gelegenen Hotel in Jesolo<\/strong>\u00a0sind \u2013 nah am Strand, aber auch in der N\u00e4he von Gesch\u00e4ften, Restaurants und den wichtigsten Attraktionen der Stadt \u2013, dann ist das\u00a0<strong>Hotel Columbia &amp; Ninfea<\/strong>\u00a0die perfekte L\u00f6sung.\u00a0<a href=\"https:\/\/www.columbia-ninfea.com\/de\/wo-kann-man-in-jesolo-nahe-der-via-bafile-und-der-piazza-mazzini-uebernachten\/\">Mehr erfahren -&gt;<\/a><\/p>\n\n<\/div>\n<\/div>\n<div id=\"faq-question-1762933429098\" class=\"rank-math-list-item\">\n<h3 class=\"rank-math-question \">Hotel in Jesolo mit nachhaltigen Mobilit\u00e4tsangeboten und Ladestationen f\u00fcr Elektroautos<\/h3>\n<div class=\"rank-math-answer \">\n<img loading=\"lazy\" decoding=\"async\" width=\"150\" height=\"150\" src=\"https:\/\/www.columbia-ninfea.com\/wp-content\/uploads\/2025\/04\/Hotel-con-colonnina-per-auto-elettriche-150x150.webp\" class=\"alignright\" alt=\"Hotel con colonnina per auto elettriche\" \/>\n<p>Wenn Sie ein\u00a0<strong>Hotel in Jesolo mit Ladestation f\u00fcr Elektroautos<\/strong>\u00a0suchen, ist das\u00a0<strong>Hotel Columbia &amp; Ninfea<\/strong>\u00a0die ideale Wahl.\u00a0<a href=\"https:\/\/www.columbia-ninfea.com\/de\/wo-kann-man-in-jesolo-mit-ladestation-fuer-elektroautos-uebernachten\/\">Mehr erfahren -&gt;<\/a><\/p>\n\n<\/div>\n<\/div>\n<div id=\"faq-question-1762933457283\" class=\"rank-math-list-item\">\n<h3 class=\"rank-math-question \">Angebote f\u00fcr Familien mit Kindern in Jesolo<\/h3>\n<div class=\"rank-math-answer \">\n<img loading=\"lazy\" decoding=\"async\" width=\"150\" height=\"150\" src=\"https:\/\/www.columbia-ninfea.com\/wp-content\/uploads\/2025\/04\/Hotel-per-famiglia-con-bambini-piccoli-150x150.webp\" class=\"alignright\" alt=\"Hotel f\u00fcr Familien mit Kindern\" \/>\n<p>Wenn Sie ein\u00a0<strong>familienfreundliches Hotel in Jesolo<\/strong>\u00a0suchen, vereint das\u00a0<strong>Hotel Columbia &amp; Ninfea<\/strong>\u00a0alle wichtigen Voraussetzungen f\u00fcr einen sicheren, komfortablen und entspannten Aufenthalt.\u00a0<a href=\"https:\/\/www.columbia-ninfea.com\/de\/wo-kann-man-in-jesolo-mit-kindern-uebernachten\/\">Mehr erfahren -&gt;<\/a><\/p>\n\n<\/div>\n<\/div>\n<div id=\"faq-question-1762933544839\" class=\"rank-math-list-item\">\n<h3 class=\"rank-math-question \">Ideale Lage nahe der Caribe Bay Jesolo f\u00fcr maximale Unterhaltung<\/h3>\n<div class=\"rank-math-answer \">\n<img loading=\"lazy\" decoding=\"async\" width=\"150\" height=\"150\" src=\"https:\/\/www.columbia-ninfea.com\/wp-content\/uploads\/2025\/05\/Caribe-Bay-1-150x150.webp\" class=\"alignright\" alt=\"Caribe Bay\" \/>\n<p>Das\u00a0<strong>Hotel Columbia &amp; Ninfea<\/strong>,\u00a0<strong><a href=\"https:\/\/www.columbia-ninfea.com\/de\/wo-kann-man-in-jesolo-in-einem-zimmer-mit-meerblick-uebernachten\/\">direkt am Meer<\/a><\/strong>\u00a0und nur wenige Minuten vom Park entfernt, ist die perfekte Wahl, um\u00a0<strong>Action und Entspannung<\/strong>\u00a0ideal zu kombinieren \u2013 mitten im Herzen von Jesolo.\u00a0<a href=\"https:\/\/www.columbia-ninfea.com\/de\/wo-kann-man-in-der-naehe-des-caribe-bay-in-jesolo-uebernachten\/\">Mehr erfahren -&gt;<\/a><\/p>\n\n<\/div>\n<\/div>\n<div id=\"faq-question-1762934148355\" class=\"rank-math-list-item\">\n<h3 class=\"rank-math-question \">Hotel in Jesolo als strategischer Ausgangspunkt f\u00fcr Ausfl\u00fcge nach Venedig und zu den Laguneninseln<\/h3>\n<div class=\"rank-math-answer \">\n<img loading=\"lazy\" decoding=\"async\" width=\"150\" height=\"150\" src=\"https:\/\/www.columbia-ninfea.com\/wp-content\/uploads\/2022\/11\/venezia-150x150.jpg\" class=\"alignright\" alt=\"\" \/>\n<p>Ein Ausflug nach\u00a0<strong>Venedig<\/strong>\u00a0und ihre Inseln der Lagune wie\u00a0<strong>Murano<\/strong>,\u00a0<strong>Burano<\/strong>\u00a0und\u00a0<strong>Torcello<\/strong>\u00a0ist einer der Hauptgr\u00fcnde, warum viele Urlauber Jesolo w\u00e4hlen. Aber die entscheidende Frage lautet:\u00a0<em>Wo sollte man \u00fcbernachten, um sie bequem zu erreichen, ohne auf Strand, Erholung und Komfort zu verzichten?<\/em>\u00a0<a href=\"https:\/\/www.columbia-ninfea.com\/de\/wo-uebernachten-in-jesolo-um-venedig-und-ihre-inseln-zu-besuchen\/\">Mehr erfahren -&gt;<\/a><\/p>\n\n<\/div>\n<\/div>\n<div id=\"faq-question-1762934269480\" class=\"rank-math-list-item\">\n<h3 class=\"rank-math-question \">Vorteile der Direktbuchung \u00fcber die offizielle Website von Hotel Columbia &amp; Ninfea<\/h3>\n<div class=\"rank-math-answer \">\n<img loading=\"lazy\" decoding=\"async\" width=\"150\" height=\"150\" src=\"https:\/\/www.columbia-ninfea.com\/wp-content\/uploads\/2025\/05\/Prenotare-direttamente-nel-sito-dellHotel-Columbia-Ninfea-150x150.webp\" class=\"alignright\" alt=\"Offizielle Seite Columbia &amp; Ninfea\" \/>\n<p>Wenn Sie einen Aufenthalt in Jesolo planen und sich fragen,\u00a0<strong>ob es sich lohnt, direkt \u00fcber die offizielle Seite des Hotel Columbia &amp; Ninfea zu buchen<\/strong>, lautet die Antwort:\u00a0<strong>unbedingt ja<\/strong>. Hier erfahren Sie warum.\u00a0<a href=\"https:\/\/www.columbia-ninfea.com\/de\/jetzt-buchen-offizielle-seite-columbia-ninfea\/\">Mehr erfahren -&gt;<\/a><\/p>\n\n<\/div>\n<\/div>\n<div id=\"faq-question-1762934318816\" class=\"rank-math-list-item\">\n<h3 class=\"rank-math-question \">Hotel in Jesolo mit reserviertem Parkplatz<\/h3>\n<div class=\"rank-math-answer \">\n<img loading=\"lazy\" decoding=\"async\" width=\"150\" height=\"150\" src=\"https:\/\/www.columbia-ninfea.com\/wp-content\/uploads\/2022\/11\/7C05F89C-594D-448E-9D32-4E786FDFCC95-1-150x150.jpeg\" class=\"alignright\" alt=\"aquileia\" \/>\n<p>Wenn Sie ein Hotel suchen, bei dem Sie Ihr Auto\u00a0<strong>sicher und bequem abstellen<\/strong>\u00a0k\u00f6nnen, ohne auf eine\u00a0<strong>zentrale Lage\u00a0direkt am Meer<\/strong>\u00a0zu verzichten, ist das\u00a0<strong>Hotel Columbia &amp; Ninfea<\/strong>\u00a0die perfekte Wahl.\u00a0<a href=\"https:\/\/www.columbia-ninfea.com\/de\/wo-uebernachten-in-jesolo-mit-parkplatz-nahe-dem-zentrum\/\">Mehr erfahren -&gt;<\/a><\/p>\n\n<\/div>\n<\/div>\n<div id=\"faq-question-1762934521170\" class=\"rank-math-list-item\">\n<h3 class=\"rank-math-question \">Romantischer Strandurlaub in Jesolo f\u00fcr Paare, die Entspannung suchen<\/h3>\n<div class=\"rank-math-answer \">\n<img loading=\"lazy\" decoding=\"async\" width=\"150\" height=\"150\" src=\"https:\/\/www.columbia-ninfea.com\/wp-content\/uploads\/2025\/05\/1920x840-23-articolo-150x150.jpg\" class=\"alignright\" alt=\"Hotel f\u00fcr einen romantischen Urlaub\" \/>\n<p>Jesolo ist seit jeher ein beliebtes Reiseziel \u2013 nicht nur f\u00fcr Familien und Gruppen von Freunden, sondern auch f\u00fcr Paare, die auf der Suche nach\u00a0<strong>einem romantischen Urlaub am Meer<\/strong>\u00a0sind. Spazierg\u00e4nge bei Sonnenuntergang, Fr\u00fchst\u00fcck mit Meerblick und Abendessen direkt am Strand schaffen die perfekte Atmosph\u00e4re zu zweit.\u00a0<a href=\"https:\/\/www.columbia-ninfea.com\/de\/welches-ist-das-perfekte-hotel-fuer-einen-romantischen-urlaub-in-jesolo\/\">Mehr erfahren -&gt;<\/a><\/p>\n\n<\/div>\n<\/div>\n<div id=\"faq-question-1762934606063\" class=\"rank-math-list-item\">\n<h3 class=\"rank-math-question \">Ruhige Lage f\u00fcr einen erholsamen Aufenthalt in Jesolo Lido<\/h3>\n<div class=\"rank-math-answer \">\n<img loading=\"lazy\" decoding=\"async\" width=\"150\" height=\"150\" src=\"https:\/\/www.columbia-ninfea.com\/wp-content\/uploads\/2025\/05\/Hotel-tranquillo-per-rilassarsi-150x150.webp\" class=\"alignright\" alt=\"Ruhiges Hotel in Jesolo zum Entspannen\" \/>\n<p>Aber ist es m\u00f6glich, ein\u00a0<strong>ruhiges Hotel in Jesolo<\/strong>\u00a0zu finden, das trotzdem zentrumsnah liegt und direkt am Meer?<br \/>Ja. Das\u00a0<strong>Hotel Columbia &amp; Ninfea<\/strong>\u00a0ist eine wahre\u00a0<strong>Oase der Ruhe<\/strong>, perfekt gelegen f\u00fcr alle, die abschalten m\u00f6chten \u2013\u00a0<strong>ohne auf Komfort zu verzichten<\/strong>.\u00a0<a href=\"https:\/\/www.columbia-ninfea.com\/de\/ruhiges-hotel-in-jesolo-zum-entspannen-finden\/\">Mehr erfahren -&gt;<\/a><\/p>\n\n<\/div>\n<\/div>\n<div id=\"faq-question-1762934675176\" class=\"rank-math-list-item\">\n<h3 class=\"rank-math-question \">Fr\u00fchbucherangebote und g\u00fcnstige Preise f\u00fcr die Sommersaison in Jesolo<\/h3>\n<div class=\"rank-math-answer \">\n<img loading=\"lazy\" decoding=\"async\" width=\"150\" height=\"150\" src=\"https:\/\/www.columbia-ninfea.com\/wp-content\/uploads\/2025\/05\/Offerte-22Prenota-prima22-150x150.webp\" class=\"alignright\" alt=\"Offerte &quot;Prenota prima&quot;\" \/>\n<p>Wenn Sie ein paar entspannte Tage in Jesolo planen, lohnt es sich definitiv, die Fr\u00fchbucherangebote vom Hotel Columbia &amp; Ninfea zu nutzen.\u00a0<a href=\"https:\/\/www.columbia-ninfea.com\/de\/welche-guenstigen-fruehbucherangebote-gibt-es-in-jesolo\/\">Mehr erfahren -&gt;<\/a><\/p>\n\n<\/div>\n<\/div>\n<div id=\"faq-question-1762934707936\" class=\"rank-math-list-item\">\n<h3 class=\"rank-math-question \">Exklusive Services f\u00fcr Ironman 70.3 Jesolo 2026-Athleten: Fahrradraum und Fr\u00fchbucherrabatt Fr\u00fchst\u00fcck<\/h3>\n<div class=\"rank-math-answer \">\n<img loading=\"lazy\" decoding=\"async\" width=\"150\" height=\"150\" src=\"https:\/\/www.columbia-ninfea.com\/wp-content\/uploads\/2025\/05\/Ironman-70.3-150x150.webp\" class=\"alignright\" alt=\"Ironman 70.3\" \/>\n<p>Das\u00a0<strong>Hotel Columbia &amp; Ninfea<\/strong>\u00a0bietet eine ideale Lage und viel Erfahrung in der Betreuung von Ironman-G\u00e4sten \u2013\u00a0<strong>perfekt f\u00fcr Athleten und Begleiter<\/strong>.\u00a0<a href=\"https:\/\/www.columbia-ninfea.com\/de\/wo-uebernachten-in-jesolo-waehrend-des-ironman-70-3-im-jahr-2026\/\">Mehr erfahren -&gt;<\/a><\/p>\n\n<\/div>\n<\/div>\n<div id=\"faq-question-1762934795341\" class=\"rank-math-list-item\">\n<h3 class=\"rank-math-question \">Erleben Sie Jesolo ohne Auto: Bus- und Taxiverbindungen vom Bahnhof und Flughafen<\/h3>\n<div class=\"rank-math-answer \">\n<img loading=\"lazy\" decoding=\"async\" width=\"150\" height=\"150\" src=\"https:\/\/www.columbia-ninfea.com\/wp-content\/uploads\/2025\/05\/Jesolo-senza-auto-150x150.webp\" class=\"alignright\" alt=\"Jesolo f\u00fcr Urlaub ohne Auto\" \/>\n<p>Wenn Sie sich fragen,\u00a0<strong>welches Hotel in Jesolo am besten geeignet ist, um ohne Auto zu reisen<\/strong>, lautet die Antwort: das\u00a0<strong>Hotel Columbia &amp; Ninfea<\/strong>.\u00a0<a href=\"https:\/\/www.columbia-ninfea.com\/de\/was-ist-das-beste-hotel-in-jesolo-fuer-urlaub-ohne-auto\/\">Mehr erfahren -&gt;<\/a><\/p>\n\n<\/div>\n<\/div>\n<div id=\"faq-question-1762935370077\" class=\"rank-math-list-item\">\n<h3 class=\"rank-math-question \">Barrierefreie Zimmer im Hotel Columbia &amp; Ninfea<\/h3>\n<div class=\"rank-math-answer \">\n<img loading=\"lazy\" decoding=\"async\" width=\"150\" height=\"150\" src=\"https:\/\/www.columbia-ninfea.com\/wp-content\/uploads\/2025\/11\/camera-disabili-laterale-150x150.webp\" class=\"alignright\" alt=\"camera per disabili Jesolo\" \/>\n<p>Wenn Sie ein barrierefreies Hotel in Jesolo suchen, direkt am Meer und in der N\u00e4he des Zentrums, ist das <strong>Hotel Columbia &amp; Ninfea<\/strong> genau die richtige Wahl f\u00fcr Sie. <a href=\"https:\/\/www.columbia-ninfea.com\/de\/barrierefreies-hotel-in-jesolo\/\" data-type=\"link\" data-id=\"https:\/\/www.columbia-ninfea.com\/de\/barrierefreies-hotel-in-jesolo\/\">Mehr erfahren -&gt;<\/a><\/p>\n\n<\/div>\n<\/div>\n<div id=\"faq-question-1762935739626\" class=\"rank-math-list-item\">\n<h3 class=\"rank-math-question \">Kleine Haustiere willkommen und hundefreundliche Strandregeln in Jesolo<\/h3>\n<div class=\"rank-math-answer \">\n<img loading=\"lazy\" decoding=\"async\" width=\"150\" height=\"150\" src=\"https:\/\/www.columbia-ninfea.com\/wp-content\/uploads\/2025\/11\/vacanza-jesolo-cane-150x150.webp\" class=\"alignright\" alt=\"vacanze a Jesolo con un cane\" \/>\n<p>Suchen Sie ein Hotel in Jesolo, in dem Sie mit Ihrem Hund \u00fcbernachten k\u00f6nnen?<br \/>Im <strong>Hotel Columbia &amp; Ninfea<\/strong> sind kleine Haustiere herzlich willkommen! <a href=\"https:\/\/www.columbia-ninfea.com\/de\/hotel-jesolo-mit-hund-columbia-ninfea-direkt-am-meer\/\" data-type=\"link\" data-id=\"https:\/\/www.columbia-ninfea.com\/de\/hotel-jesolo-mit-hund-columbia-ninfea-direkt-am-meer\/\">Mehr erfahren -&gt;<\/a><\/p>\n\n<\/div>\n<\/div>\n<div id=\"faq-question-1762936229762\" class=\"rank-math-list-item\">\n<h3 class=\"rank-math-question \">Entfliehen Sie dem Trubel und besuchen Sie die Festa del Redentore in Venedig<\/h3>\n<div class=\"rank-math-answer \">\n<img loading=\"lazy\" decoding=\"async\" width=\"150\" height=\"150\" src=\"https:\/\/www.columbia-ninfea.com\/wp-content\/uploads\/2025\/11\/redentore-venezia-150x150.webp\" class=\"alignright\" alt=\"Redentore di Venezia\" \/>\n<p>M\u00f6chten Sie das Redentore-Fest in Venedig erleben, ohne auf Entspannung, Meer und Ruhe zu verzichten?<br \/>Die perfekte L\u00f6sung ist <strong>Jesolo<\/strong> \u2013 insbesondere das <strong>Hotel Columbia &amp; Ninfea<\/strong>. <a href=\"https:\/\/www.columbia-ninfea.com\/de\/redentore-fest-in-venedig\/\" data-type=\"link\" data-id=\"https:\/\/www.columbia-ninfea.com\/de\/redentore-fest-in-venedig\/\">Mehr erfahren -&gt;<\/a> <\/p>\n\n<\/div>\n<\/div>\n<\/div>\n<\/div>","protected":false},"excerpt":{"rendered":"<p>Vor der Buchung stellen uns viele G\u00e4ste Fragen zu unseren Leistungen, zur Lage und zu den exklusiven Vorteilen. In diesem Abschnitt finden Sie klare und aktuelle Antworten auf die h\u00e4ufigsten Fragen \u2013 damit Sie ganz einfach herausfinden k\u00f6nnen, dass Hotel Columbia &amp; Ninfea die richtige Wahl f\u00fcr Ihren Urlaub in Jesolo ist.<\/p>\n","protected":false},"author":1,"featured_media":0,"parent":0,"menu_order":0,"comment_status":"closed","ping_status":"closed","template":"","meta":{"_acf_changed":false,"footnotes":""},"class_list":["post-3495","page","type-page","status-publish","hentry"],"acf":[],"_links":{"self":[{"href":"https:\/\/www.columbia-ninfea.com\/de\/wp-json\/wp\/v2\/pages\/3495","targetHints":{"allow":["GET"]}}],"collection":[{"href":"https:\/\/www.columbia-ninfea.com\/de\/wp-json\/wp\/v2\/pages"}],"about":[{"href":"https:\/\/www.columbia-ninfea.com\/de\/wp-json\/wp\/v2\/types\/page"}],"author":[{"embeddable":true,"href":"https:\/\/www.columbia-ninfea.com\/de\/wp-json\/wp\/v2\/users\/1"}],"replies":[{"embeddable":true,"href":"https:\/\/www.columbia-ninfea.com\/de\/wp-json\/wp\/v2\/comments?post=3495"}],"version-history":[{"count":26,"href":"https:\/\/www.columbia-ninfea.com\/de\/wp-json\/wp\/v2\/pages\/3495\/revisions"}],"predecessor-version":[{"id":4607,"href":"https:\/\/www.columbia-ninfea.com\/de\/wp-json\/wp\/v2\/pages\/3495\/revisions\/4607"}],"wp:attachment":[{"href":"https:\/\/www.columbia-ninfea.com\/de\/wp-json\/wp\/v2\/media?parent=3495"}],"curies":[{"name":"wp","href":"https:\/\/api.w.org\/{rel}","templated":true}]}}