{"id":2776,"date":"2025-01-11T10:34:29","date_gmt":"2025-01-11T09:34:29","guid":{"rendered":"https:\/\/www.columbia-ninfea.com\/?page_id=2776"},"modified":"2026-02-10T11:47:13","modified_gmt":"2026-02-10T10:47:13","slug":"fruehstueck-am-meer","status":"publish","type":"page","link":"https:\/\/www.columbia-ninfea.com\/de\/fruehstueck-am-meer\/","title":{"rendered":"Fr\u00fchst\u00fcck am Meer"},"content":{"rendered":"\n<p>Beginnen Sie Ihren Tag auf besondere Weise mit unserem Fr\u00fchst\u00fcck mit Blick aufs Meer.<\/p>\n\n\n\n<p>In unserem hellen Saal mit gro\u00dfen Fenstern und Terrasse k\u00f6nnen Sie ein reichhaltiges s\u00fc\u00dfes und herzhaftes Buffet genie\u00dfen und dabei <strong><em>das herrliche Panorama auf das Meer von Jesolo bewundern<\/em><\/strong>.<\/p>\n\n\n\n<p>Kaffee, S\u00e4fte, Croissants und Kuchen \u2026 und noch mehr \u2026 Obst der Saison, Aufschnitt und K\u00e4se: alles, was Sie f\u00fcr ein energiegeladenes und leckeres Erwachen brauchen.<\/p>\n","protected":false},"excerpt":{"rendered":"<p>Beginnen Sie Ihren Tag auf besondere Weise mit unserem Fr\u00fchst\u00fcck mit Blick aufs Meer. In unserem hellen Saal mit gro\u00dfen Fenstern und Terrasse k\u00f6nnen Sie ein reichhaltiges s\u00fc\u00dfes und herzhaftes Buffet genie\u00dfen und dabei das herrliche Panorama auf das Meer von Jesolo bewundern. Kaffee, S\u00e4fte, Croissants und Kuchen \u2026 und noch mehr \u2026 Obst der [&hellip;]<\/p>\n","protected":false},"author":2,"featured_media":4638,"parent":0,"menu_order":0,"comment_status":"closed","ping_status":"closed","template":"","meta":{"_acf_changed":false,"footnotes":""},"class_list":["post-2776","page","type-page","status-publish","has-post-thumbnail","hentry"],"acf":[],"_links":{"self":[{"href":"https:\/\/www.columbia-ninfea.com\/de\/wp-json\/wp\/v2\/pages\/2776","targetHints":{"allow":["GET"]}}],"collection":[{"href":"https:\/\/www.columbia-ninfea.com\/de\/wp-json\/wp\/v2\/pages"}],"about":[{"href":"https:\/\/www.columbia-ninfea.com\/de\/wp-json\/wp\/v2\/types\/page"}],"author":[{"embeddable":true,"href":"https:\/\/www.columbia-ninfea.com\/de\/wp-json\/wp\/v2\/users\/2"}],"replies":[{"embeddable":true,"href":"https:\/\/www.columbia-ninfea.com\/de\/wp-json\/wp\/v2\/comments?post=2776"}],"version-history":[{"count":2,"href":"https:\/\/www.columbia-ninfea.com\/de\/wp-json\/wp\/v2\/pages\/2776\/revisions"}],"predecessor-version":[{"id":4632,"href":"https:\/\/www.columbia-ninfea.com\/de\/wp-json\/wp\/v2\/pages\/2776\/revisions\/4632"}],"wp:featuredmedia":[{"embeddable":true,"href":"https:\/\/www.columbia-ninfea.com\/de\/wp-json\/wp\/v2\/media\/4638"}],"wp:attachment":[{"href":"https:\/\/www.columbia-ninfea.com\/de\/wp-json\/wp\/v2\/media?parent=2776"}],"curies":[{"name":"wp","href":"https:\/\/api.w.org\/{rel}","templated":true}]}}